{"id":761,"date":"2021-07-20T13:00:58","date_gmt":"2021-07-20T11:00:58","guid":{"rendered":"http:\/\/donkeydreamland.com\/?page_id=761"},"modified":"2021-07-20T13:21:34","modified_gmt":"2021-07-20T11:21:34","slug":"home-2","status":"publish","type":"page","link":"https:\/\/donkeydreamland.com\/es\/home-2\/","title":{"rendered":"Visitor Info"},"content":{"rendered":"\n<div class=\"wp-block-atomic-blocks-ab-columns half-space ab-layout-columns-1 one-column ab-has-custom-background-color ab-columns-center\" style=\"padding-right:50px;padding-left:50px;background-color:#e9ddce\"><div class=\"ab-layout-column-wrap ab-block-layout-column-gap-2 ab-is-responsive-column\" style=\"max-width:1170px\">\n<div class=\"wp-block-atomic-blocks-ab-column ab-block-layout-column\"><div class=\"ab-block-layout-column-inner\" style=\"padding-right:30px\">\n<h2 class=\"has-text-align-center ab-white-text has-text-color wp-block-heading\" style=\"color:#892418\">Descripci\u00f3n del Tour<\/h2>\n<\/div><\/div>\n<\/div><\/div>\n\n\n\n<div class=\"wp-block-atomic-blocks-ab-columns block space ab-layout-columns-3 ab-3-col-equal ab-has-custom-background-color ab-columns-center\" style=\"padding-right:50px;padding-left:50px;background-color:#e9ddce\"><div class=\"ab-layout-column-wrap ab-block-layout-column-gap-2 ab-is-responsive-column\" style=\"max-width:1170px\">\n<div class=\"wp-block-atomic-blocks-ab-column ab-block-layout-column ab-is-vertically-aligned-top\"><div class=\"ab-block-layout-column-inner\">\n<p class=\"has-text-color\" style=\"color:#892418\">El tour est\u00e1ndar a Donkey Dreamland incluye la entrada al santuario y un tour guiado de 30 minutos* por un gu\u00eda de Donkey Dreamland. \u00a1Recibir\u00e1s una presentaci\u00f3n personal de los burros, escuchar\u00e1s sus historias y aprender\u00e1s algunos datos sobre los burros!<\/p>\n\n\n\n<p class=\"has-text-color\" style=\"color:#892418\">Despu\u00e9s del tour, los visitantes podr\u00e1n disfrutar de la paz y la tranquilidad de Donkey Dreamland. La visitas suelen durar entre 60 y 90 minutos<\/p>\n\n\n\n<p class=\"has-text-color\" style=\"color:#892418\">*Dependiendo del tama\u00f1o del grupo<\/p>\n\n\n\n<div class=\"wp-block-buttons is-content-justification-center is-layout-flex wp-block-buttons-is-layout-flex\">\n<div class=\"wp-block-button btn\"><a class=\"wp-block-button__link has-background\" href=\"https:\/\/bookwhen.com\/donkeydreamland#focus=ev-st2z-20210423110000\" style=\"border-radius:6px;background-color:#b26943\" target=\"_blank\" rel=\"noreferrer noopener\">RESERVAR UN TOUR<\/a><\/div>\n<\/div>\n<\/div><\/div>\n\n\n\n<div class=\"wp-block-atomic-blocks-ab-column ab-block-layout-column ab-is-vertically-aligned-top\"><div class=\"ab-block-layout-column-inner\">\n<p class=\"has-text-color\" style=\"color:#892418\"><strong>Por favor ten en cuenta que:<\/strong> estamos encantados de recibir cualquier donaci\u00f3n en efectivo en el d\u00eda o contribuciones adicionales a trav\u00e9s de nuestra \u00e1rea de \u201cdonaciones en l\u00ednea\u201d; les agradeceremos a todos por su generosidad y amabilidad.<\/p>\n\n\n\n<p class=\"has-text-color\" style=\"color:#892418\">La entrada de \u20ac10 es una donaci\u00f3n, no una cuota. Si no puedes pagar la donaci\u00f3n, env\u00edanos un correo electr\u00f3nico directamente e intentaremos hacer lo posible por complacerte.<\/p>\n\n\n\n<p class=\"has-text-color\" style=\"color:#892418\">Todas las donaciones est\u00e1n destinadas al bienestar de los burros y al funcionamiento de Donkey Dreamland. Nadie en el santuario recibe un salario, ni la fundadora de Donkey Dreamland ni los voluntarios; todos trabajan gratis.<\/p>\n\n\n\n<p class=\"has-text-color\" style=\"color:#892418\">El funcionamiento de Donkey Dreamland cuesta alrededor de \u20ac4.500 al mes y no recibimos ning\u00fan tipo de financiaci\u00f3n ni del gobierno ni del Ayuntamiento. \u00a1Tus donaciones son esenciales para que el proyecto siga funcionando!<\/p>\n<\/div><\/div>\n\n\n\n<div class=\"wp-block-atomic-blocks-ab-column ab-block-layout-column\"><div class=\"ab-block-layout-column-inner\">\n<p class=\"has-text-color\" style=\"color:#892418\"><strong>Aqu\u00ed puedes ver algunos ejemplos de nuestros costos:<\/strong><\/p>\n\n\n\n<p class=\"has-text-color\" style=\"color:#892418\">\u20ac10 \u2013 pueden comprar la medicina semanal de un burro<\/p>\n\n\n\n<p class=\"has-text-color\" style=\"color:#892418\">\u20ac15 \u2013 para alimentar a un burro durante una semana<\/p>\n\n\n\n<p class=\"has-text-color\" style=\"color:#892418\">\u20ac20 \u2013 para pagar a un herrador que recorte las pezu\u00f1as de un burro<\/p>\n\n\n\n<p class=\"has-text-color\" style=\"color:#892418\">\u20ac30 \u2013 para pagar el agua fresca durante un mes<\/p>\n\n\n\n<p class=\"has-text-color\" style=\"color:#892418\">\u20ac50 \u2013 para comparar cincos postes de valla para ayudar a construir un corral<\/p>\n<\/div><\/div>\n<\/div><\/div>\n\n\n\n<div class=\"wp-block-atomic-blocks-ab-columns block space ab-layout-columns-1 ab-1-col-equal ab-columns-center\" style=\"padding-right:50px;padding-bottom:50px;padding-left:50px\"><div class=\"ab-layout-column-wrap ab-block-layout-column-gap-0 ab-is-responsive-column\" style=\"max-width:1170px\">\n<div class=\"wp-block-atomic-blocks-ab-column ab-block-layout-column ab-is-vertically-aligned-top\"><div class=\"ab-block-layout-column-inner\">\n<h2 class=\"has-text-align-center has-text-color wp-block-heading\" style=\"color:#892418\"><strong>Mensaje sobre el COVID-19<\/strong><\/h2>\n\n\n\n<div style=\"height:50px\" aria-hidden=\"true\" class=\"wp-block-spacer\"><\/div>\n\n\n\n<p class=\"has-text-align-center has-text-color\" style=\"color:#892418\">Donkey Dreamland est\u00e1 abierto al p\u00fablico<\/p>\n\n\n\n<p class=\"has-text-align-center has-text-color\" style=\"color:#892418\">En Donkey Dreamland nos esforzamos por crear un entorno seguro tanto para los visitantes como para los voluntarios y puede que te des cuenta de algunos cambios cuando visites el centro de rescate, como la reducci\u00f3n del n\u00famero de personas para los tours y el cumplimiento de los requisitos de seguridad. Puedes reservar un tour en l\u00ednea aqu\u00ed o simplemente venir, aunque los que hayan reservado un tour en l\u00ednea tendr\u00e1n prioridad y es posible que tengas que esperar al siguiente tour disponible.<\/p>\n\n\n\n<p class=\"has-text-align-center has-text-color\" style=\"color:#892418\">Si planificas tu visita, aseg\u00farate de revisar las directrices o restricciones de viaje actuales del gobierno.<\/p>\n\n\n\n<p class=\"has-text-align-center has-text-color\" style=\"color:#892418\">Donkey Dreamland est\u00e1 actualmente abierto a los visitantes los s\u00e1bados y domingos desde las 10am hasta las 2pm, pero visita nuestra p\u00e1gina de Facebook para obtener la informaci\u00f3n m\u00e1s reciente sobre los horarios de apertura y los eventos especiales.<\/p>\n\n\n\n<p class=\"has-text-align-center has-text-color\" style=\"color:#892418\"><em>El COVID-19 es una enfermedad extremadamente contagiosa que se cree que se transmite principalmente por contacto de persona a persona. Donkey Dreamland est\u00e1 haciendo su parte para disminuir la intensidad de la transmisi\u00f3n y le pedimos a ustedes, nuestros visitantes, que hagan lo mismo y nos ayuden a reducir la propagaci\u00f3n del COVID-19. Debes seguir todas las instrucciones publicadas durante tu visita a Donkey Dreamland, incluidas las relativas a usar tapabocas y al distanciamiento social. Gracias.<\/em><\/p>\n<\/div><\/div>\n<\/div><\/div>\n\n\n\n<div style=\"background-color:#892418\" class=\"wp-block-atomic-blocks-ab-container space support-banner ab-block-container alignfull\"><div class=\"ab-container-inside\"><div class=\"ab-container-content\" style=\"max-width:1170px\">\n<div class=\"wp-block-atomic-blocks-ab-columns ab-layout-columns-1 one-column ab-columns-center\" style=\"padding-right:50px;padding-left:50px\"><div class=\"ab-layout-column-wrap ab-block-layout-column-gap-2 ab-is-responsive-column\" style=\"max-width:1170px\">\n<div class=\"wp-block-atomic-blocks-ab-column ab-block-layout-column\"><div class=\"ab-block-layout-column-inner\">\n<h2 class=\"has-text-align-center ab-white-text has-white-color has-text-color wp-block-heading\" id=\"rules\"><strong>Reglas y Directrices<\/strong><\/h2>\n<\/div><\/div>\n<\/div><\/div>\n\n\n\n<div style=\"height:50px\" aria-hidden=\"true\" class=\"wp-block-spacer\"><\/div>\n\n\n\n<div class=\"wp-block-atomic-blocks-ab-columns ab-layout-columns-3 ab-3-col-equal ab-columns-center\"><div class=\"ab-layout-column-wrap ab-block-layout-column-gap-2 ab-is-responsive-column\" style=\"max-width:1170px\">\n<div class=\"wp-block-atomic-blocks-ab-column ab-block-layout-column\"><div class=\"ab-block-layout-column-inner\">\n<p class=\"bold has-white-color has-text-color\"><strong>Regla 1<\/strong><\/p>\n\n\n\n<p class=\"has-white-color has-text-color\">Todos los visitantes deben estar de acuerdo con los t\u00e9rminos y condiciones de Donkey Dreamland y aceptar las directrices ofrecidas por los voluntarios de la asociaci\u00f3n durante su visita. Se proporcionar\u00e1 un formulario en l\u00ednea o en papel.<br><\/p>\n<\/div><\/div>\n\n\n\n<div class=\"wp-block-atomic-blocks-ab-column ab-block-layout-column\"><div class=\"ab-block-layout-column-inner\">\n<p class=\"bold has-white-color has-text-color\"><strong><strong><strong>Regla 2<\/strong><\/strong><\/strong><\/p>\n\n\n\n<p class=\"has-text-align-left has-white-color has-text-color\">Las visitas a Donkey Dreamland pueden incluir la interacci\u00f3n con animales y los visitantes deben entender las implicaciones que esto puede conllevar y aceptar respetar y cumplir las reglas y directrices ofrecidas por los voluntarios durante tu visita.<\/p>\n<\/div><\/div>\n\n\n\n<div class=\"wp-block-atomic-blocks-ab-column ab-block-layout-column\"><div class=\"ab-block-layout-column-inner\">\n<p class=\"bold has-white-color has-text-color\"><strong>Regla 3<\/strong><\/p>\n\n\n\n<p class=\"has-white-color has-text-color\">Donkey Dreamland no acepta ninguna responsabilidad por los da\u00f1os de cualquier tipo que los visitantes puedan sufrir por la interacci\u00f3n con los animales o el entorno de Donkey Dreamland<\/p>\n<\/div><\/div>\n<\/div><\/div>\n\n\n\n<div style=\"height:20px\" aria-hidden=\"true\" class=\"wp-block-spacer\"><\/div>\n\n\n\n<div class=\"wp-block-atomic-blocks-ab-columns ab-layout-columns-3 ab-3-col-equal ab-columns-center\"><div class=\"ab-layout-column-wrap ab-block-layout-column-gap-2 ab-is-responsive-column\" style=\"max-width:1170px\">\n<div class=\"wp-block-atomic-blocks-ab-column ab-block-layout-column\"><div class=\"ab-block-layout-column-inner\">\n<p class=\"bold has-white-color has-text-color\"><strong>Regla 4<\/strong><\/p>\n\n\n\n<p class=\"has-white-color has-text-color\">Los ni\u00f1os deben ser supervisados por los visitantes adultos que los acompa\u00f1an, especialmente alrededor de los corrales, los caminos rocosos y alrededor de los burros. Si los voluntarios o gu\u00edas de Donkey Dreamland lo consideran necesario, se te puede pedir que abandones el santuario.<br><\/p>\n<\/div><\/div>\n\n\n\n<div class=\"wp-block-atomic-blocks-ab-column ab-block-layout-column\"><div class=\"ab-block-layout-column-inner\">\n<p class=\"bold has-white-color has-text-color\"><strong><strong><strong>Regla 5<\/strong><\/strong><\/strong><\/p>\n\n\n\n<p class=\"has-text-align-left has-white-color has-text-color\">Debido a la naturaleza del entorno de Donkey Dreamland, que es un terreno ondulado, monta\u00f1oso y en ocasiones, suelto, recomendamos el uso de calzado cerrado \u2013 es decir, nada de sandalias o chanclas.<\/p>\n<\/div><\/div>\n\n\n\n<div class=\"wp-block-atomic-blocks-ab-column ab-block-layout-column\"><div class=\"ab-block-layout-column-inner\">\n<p class=\"bold has-white-color has-text-color\"><strong>Regla 6<\/strong><\/p>\n\n\n\n<p class=\"has-white-color has-text-color\">Los perros que acompa\u00f1an a los visitantes deben ir siempre con correa. Si alg\u00fan perro causa molestias a los burros o a los voluntarios\/gu\u00edas durante tu visita, se te puede pedir que lo saques del santuario.<\/p>\n<\/div><\/div>\n<\/div><\/div>\n<\/div><\/div><\/div>\n\n\n\n<div class=\"wp-block-atomic-blocks-ab-columns space ab-layout-columns-1 one-column ab-columns-center\" style=\"padding-right:50px;padding-left:50px\"><div class=\"ab-layout-column-wrap ab-block-layout-column-gap-2 ab-is-responsive-column\" style=\"max-width:1170px\">\n<div class=\"wp-block-atomic-blocks-ab-column ab-block-layout-column\"><div class=\"ab-block-layout-column-inner\">\n<h2 class=\"has-text-align-center ab-white-text has-text-color wp-block-heading\" style=\"color:#892418\">Vis\u00edtanos<\/h2>\n\n\n\n<div class=\"google-maps\" style=\"height:auto;width:100%;\">\n\t\t\t\t<iframe src=\"https:\/\/maps.google.de\/maps?hl=en&amp;q=Donkey+Dreamland%20%20Diseminado+la+Rosa,+79%20+Las+Lagunas+de+Mijas&amp;t=&amp;z=14&amp;ie=utf8&amp;iwloc=b&amp;output=embed\" scrolling=\"no\" marginheight=\"0\" marginwidth=\"0\" style=\"height:300px;width:100%;\" width=\"\" height=\"300\" frameborder=\"0\"> \tVon <a href=\"https:\/\/p2p-bonus.com\" style=\"font-size:10px;\" title=\"P2P\" target=\"_blank\" rel=\"noopener\">P2P<\/a>\n\t\t\t\t<\/iframe>\n\t\t\t\t<p style=\"text-align:right; margin:0px; padding-top:-10px; line-height:10px;font-size:10px;margin-top: -25px;\"><a href=\"https:\/\/donkeydreamland.com\" style=\"font-size:10px;\" title=\"Donkey Dreamland\" target=\"_blank\" rel=\"noopener\">Donkey Dreamland<\/a>\n\t\t\t\t<\/p>\n\t\t\t<\/div>\n\n\n\n<p class=\"has-text-align-center has-text-color\" style=\"color:#892418\">Abrimos al p\u00fablico los s\u00e1bados y domingos desde las 10am hasta las 2pm.<\/p>\n\n\n\n<p class=\"has-text-align-center has-text-color\" style=\"color:#892418\">Las visitas solamente pueden hacerse con cita previa.<\/p>\n<\/div><\/div>\n<\/div><\/div>\n","protected":false},"excerpt":{"rendered":"","protected":false},"author":1,"featured_media":0,"parent":0,"menu_order":0,"comment_status":"closed","ping_status":"closed","template":"","meta":{"_coblocks_attr":"","_coblocks_dimensions":"","_coblocks_responsive_height":"","_coblocks_accordion_ie_support":"","footnotes":""},"class_list":["post-761","page","type-page","status-publish","hentry"],"yoast_head":"<!-- This site is optimized with the Yoast SEO plugin v27.5 - https:\/\/yoast.com\/product\/yoast-seo-wordpress\/ -->\n<title>Visitor Info - Donkey Dreamland<\/title>\n<meta name=\"robots\" content=\"index, follow, max-snippet:-1, max-image-preview:large, max-video-preview:-1\" \/>\n<link rel=\"canonical\" href=\"https:\/\/donkeydreamland.com\/es\/home-2\/\" \/>\n<meta property=\"og:locale\" content=\"es_ES\" \/>\n<meta property=\"og:type\" content=\"article\" \/>\n<meta property=\"og:title\" content=\"Visitor Info - Donkey Dreamland\" \/>\n<meta property=\"og:url\" content=\"https:\/\/donkeydreamland.com\/es\/home-2\/\" \/>\n<meta property=\"og:site_name\" content=\"Donkey Dreamland\" \/>\n<meta property=\"article:modified_time\" content=\"2021-07-20T11:21:34+00:00\" \/>\n<meta name=\"twitter:card\" content=\"summary_large_image\" \/>\n<meta name=\"twitter:label1\" content=\"Tiempo de lectura\" \/>\n\t<meta name=\"twitter:data1\" content=\"4 minutos\" \/>\n<script type=\"application\/ld+json\" class=\"yoast-schema-graph\">{\"@context\":\"https:\\\/\\\/schema.org\",\"@graph\":[{\"@type\":\"WebPage\",\"@id\":\"https:\\\/\\\/donkeydreamland.com\\\/es\\\/home-2\\\/\",\"url\":\"https:\\\/\\\/donkeydreamland.com\\\/es\\\/home-2\\\/\",\"name\":\"Visitor Info - Donkey Dreamland\",\"isPartOf\":{\"@id\":\"https:\\\/\\\/donkeydreamland.com\\\/#website\"},\"datePublished\":\"2021-07-20T11:00:58+00:00\",\"dateModified\":\"2021-07-20T11:21:34+00:00\",\"breadcrumb\":{\"@id\":\"https:\\\/\\\/donkeydreamland.com\\\/es\\\/home-2\\\/#breadcrumb\"},\"inLanguage\":\"es\",\"potentialAction\":[{\"@type\":\"ReadAction\",\"target\":[\"https:\\\/\\\/donkeydreamland.com\\\/es\\\/home-2\\\/\"]}]},{\"@type\":\"BreadcrumbList\",\"@id\":\"https:\\\/\\\/donkeydreamland.com\\\/es\\\/home-2\\\/#breadcrumb\",\"itemListElement\":[{\"@type\":\"ListItem\",\"position\":1,\"name\":\"Home\",\"item\":\"https:\\\/\\\/donkeydreamland.com\\\/\"},{\"@type\":\"ListItem\",\"position\":2,\"name\":\"Visitor Info\"}]},{\"@type\":\"WebSite\",\"@id\":\"https:\\\/\\\/donkeydreamland.com\\\/#website\",\"url\":\"https:\\\/\\\/donkeydreamland.com\\\/\",\"name\":\"Donkey Dreamland\",\"description\":\"Welcome to Donkey Dreamland\",\"publisher\":{\"@id\":\"https:\\\/\\\/donkeydreamland.com\\\/#organization\"},\"potentialAction\":[{\"@type\":\"SearchAction\",\"target\":{\"@type\":\"EntryPoint\",\"urlTemplate\":\"https:\\\/\\\/donkeydreamland.com\\\/?s={search_term_string}\"},\"query-input\":{\"@type\":\"PropertyValueSpecification\",\"valueRequired\":true,\"valueName\":\"search_term_string\"}}],\"inLanguage\":\"es\"},{\"@type\":\"Organization\",\"@id\":\"https:\\\/\\\/donkeydreamland.com\\\/#organization\",\"name\":\"Donkey Dreamland\",\"url\":\"https:\\\/\\\/donkeydreamland.com\\\/\",\"logo\":{\"@type\":\"ImageObject\",\"inLanguage\":\"es\",\"@id\":\"https:\\\/\\\/donkeydreamland.com\\\/#\\\/schema\\\/logo\\\/image\\\/\",\"url\":\"https:\\\/\\\/donkeydreamland.com\\\/wp-content\\\/uploads\\\/2021\\\/03\\\/dd-logo.png\",\"contentUrl\":\"https:\\\/\\\/donkeydreamland.com\\\/wp-content\\\/uploads\\\/2021\\\/03\\\/dd-logo.png\",\"width\":521,\"height\":124,\"caption\":\"Donkey Dreamland\"},\"image\":{\"@id\":\"https:\\\/\\\/donkeydreamland.com\\\/#\\\/schema\\\/logo\\\/image\\\/\"}}]}<\/script>\n<!-- \/ Yoast SEO plugin. -->","yoast_head_json":{"title":"Visitor Info - Donkey Dreamland","robots":{"index":"index","follow":"follow","max-snippet":"max-snippet:-1","max-image-preview":"max-image-preview:large","max-video-preview":"max-video-preview:-1"},"canonical":"https:\/\/donkeydreamland.com\/es\/home-2\/","og_locale":"es_ES","og_type":"article","og_title":"Visitor Info - Donkey Dreamland","og_url":"https:\/\/donkeydreamland.com\/es\/home-2\/","og_site_name":"Donkey Dreamland","article_modified_time":"2021-07-20T11:21:34+00:00","twitter_card":"summary_large_image","twitter_misc":{"Tiempo de lectura":"4 minutos"},"schema":{"@context":"https:\/\/schema.org","@graph":[{"@type":"WebPage","@id":"https:\/\/donkeydreamland.com\/es\/home-2\/","url":"https:\/\/donkeydreamland.com\/es\/home-2\/","name":"Visitor Info - Donkey Dreamland","isPartOf":{"@id":"https:\/\/donkeydreamland.com\/#website"},"datePublished":"2021-07-20T11:00:58+00:00","dateModified":"2021-07-20T11:21:34+00:00","breadcrumb":{"@id":"https:\/\/donkeydreamland.com\/es\/home-2\/#breadcrumb"},"inLanguage":"es","potentialAction":[{"@type":"ReadAction","target":["https:\/\/donkeydreamland.com\/es\/home-2\/"]}]},{"@type":"BreadcrumbList","@id":"https:\/\/donkeydreamland.com\/es\/home-2\/#breadcrumb","itemListElement":[{"@type":"ListItem","position":1,"name":"Home","item":"https:\/\/donkeydreamland.com\/"},{"@type":"ListItem","position":2,"name":"Visitor Info"}]},{"@type":"WebSite","@id":"https:\/\/donkeydreamland.com\/#website","url":"https:\/\/donkeydreamland.com\/","name":"Donkey Dreamland","description":"Welcome to Donkey Dreamland","publisher":{"@id":"https:\/\/donkeydreamland.com\/#organization"},"potentialAction":[{"@type":"SearchAction","target":{"@type":"EntryPoint","urlTemplate":"https:\/\/donkeydreamland.com\/?s={search_term_string}"},"query-input":{"@type":"PropertyValueSpecification","valueRequired":true,"valueName":"search_term_string"}}],"inLanguage":"es"},{"@type":"Organization","@id":"https:\/\/donkeydreamland.com\/#organization","name":"Donkey Dreamland","url":"https:\/\/donkeydreamland.com\/","logo":{"@type":"ImageObject","inLanguage":"es","@id":"https:\/\/donkeydreamland.com\/#\/schema\/logo\/image\/","url":"https:\/\/donkeydreamland.com\/wp-content\/uploads\/2021\/03\/dd-logo.png","contentUrl":"https:\/\/donkeydreamland.com\/wp-content\/uploads\/2021\/03\/dd-logo.png","width":521,"height":124,"caption":"Donkey Dreamland"},"image":{"@id":"https:\/\/donkeydreamland.com\/#\/schema\/logo\/image\/"}}]}},"featured_image_src":null,"featured_image_src_square":null,"_links":{"self":[{"href":"https:\/\/donkeydreamland.com\/es\/wp-json\/wp\/v2\/pages\/761","targetHints":{"allow":["GET"]}}],"collection":[{"href":"https:\/\/donkeydreamland.com\/es\/wp-json\/wp\/v2\/pages"}],"about":[{"href":"https:\/\/donkeydreamland.com\/es\/wp-json\/wp\/v2\/types\/page"}],"author":[{"embeddable":true,"href":"https:\/\/donkeydreamland.com\/es\/wp-json\/wp\/v2\/users\/1"}],"replies":[{"embeddable":true,"href":"https:\/\/donkeydreamland.com\/es\/wp-json\/wp\/v2\/comments?post=761"}],"version-history":[{"count":3,"href":"https:\/\/donkeydreamland.com\/es\/wp-json\/wp\/v2\/pages\/761\/revisions"}],"predecessor-version":[{"id":2621,"href":"https:\/\/donkeydreamland.com\/es\/wp-json\/wp\/v2\/pages\/761\/revisions\/2621"}],"wp:attachment":[{"href":"https:\/\/donkeydreamland.com\/es\/wp-json\/wp\/v2\/media?parent=761"}],"curies":[{"name":"wp","href":"https:\/\/api.w.org\/{rel}","templated":true}]}}