{"id":2625,"date":"2021-07-20T14:44:34","date_gmt":"2021-07-20T12:44:34","guid":{"rendered":"https:\/\/donkeydreamland.com\/?page_id=2625"},"modified":"2021-07-20T14:44:35","modified_gmt":"2021-07-20T12:44:35","slug":"legal","status":"publish","type":"page","link":"https:\/\/donkeydreamland.com\/es\/legal\/","title":{"rendered":"Legal"},"content":{"rendered":"\n<div class=\"wp-block-atomic-blocks-ab-columns standard imprint intro ab-layout-columns-2 ab-2-col-wideright ab-columns-center\" style=\"margin-top:50px;margin-bottom:50px;padding-right:50px;padding-left:50px\"><div class=\"ab-layout-column-wrap ab-block-layout-column-gap-2 ab-is-responsive-column\" style=\"max-width:1170px\">\n<div class=\"wp-block-atomic-blocks-ab-column ab-block-layout-column\"><div class=\"ab-block-layout-column-inner\">\n<h2 class=\"has-text-color wp-block-heading\" style=\"color:#892418\">Imprint<\/h2>\n\n\n\n<p>Donkey Dreamland<br>Diseminado la Rosa, 79<br>29649 Mijas, M\u00e1laga<\/p>\n\n\n\n<p>Tel\u00e9fono: <a href=\"tel:+34640111651\"><\/a><a href=\"tel:+34640111651\">+34 640 11 16 51<\/a><br>Correo Electr\u00f3nico: <a href=\"mailto:info@donkeydreamland.com\">info@donkeydreamland.com<\/a><br>Sitio Web:\u00a0https:\/\/donkeydreamland.com<\/p>\n\n\n\n<p>Directora Ejecutiva &#8211; CEO: Amaya Isert<br>N\u00famero de Caridad: G01665686<\/p>\n\n\n\n<p>Forma Legal: Animalista Ascocion<\/p>\n<\/div><\/div>\n\n\n\n<div class=\"wp-block-atomic-blocks-ab-column ab-block-layout-column\"><div class=\"ab-block-layout-column-inner\">\n<h2 class=\"has-text-color wp-block-heading\" style=\"color:#892418\">Pol\u00edtica de Privacidad<\/h2>\n\n\n\n<p><strong>Responsabilidad de los contenidos<\/strong><br>Los contenidos de nuestras p\u00e1ginas han sido creados con el m\u00e1ximo cuidado. Sin embargo, no podemos garantizar la exactitud, integridad y actualidad de los contenidos. Como proveedor de servicios, somos responsables de nuestros propios contenidos en estas p\u00e1ginas en virtud de las leyes generales de acuerdo al art\u00edculo 7. 1 TMG. De acuerdo a los art\u00edculos \u00a7\u00a7 desde el 8 al 10 de la TMG, sin embargo, no estamos obligados, como proveedores de servicios, a controlar la informaci\u00f3n de terceros transmitida o almacenada ni a investigar las circunstancias que indiquen una actividad ilegal. Las obligaciones de eliminar o bloquear el uso de la informaci\u00f3n seg\u00fan las leyes generales no se ven afectadas. Sin embargo, la responsabilidad en este sentido s\u00f3lo es posible a partir del momento en que se conoce una infracci\u00f3n concreta de la ley. Si tenemos conocimiento de tales infracciones, eliminaremos estos contenidos inmediatamente.<\/p>\n\n\n\n<p><strong>Responsabilidad por los enlaces<\/strong><br>Nuestra oferta contiene enlaces a sitios webs externos de terceros sobre cuyos contenidos no tenemos ninguna influencia. Por lo tanto, no podemos asumir ninguna responsabilidad por estos contenidos externos. El respectivo proveedor u operador de las p\u00e1ginas es siempre responsable del contenido de las p\u00e1ginas vinculadas. Las p\u00e1ginas vinculadas fueron revisadas en el momento de su vinculaci\u00f3n para detectar posibles infracciones legales. Los contenidos ilegales no fueron reconocidos en el momento de la vinculaci\u00f3n. Sin embargo, un control permanente de los contenidos de las p\u00e1ginas vinculadas no es razonable sin pruebas concretas de una violaci\u00f3n de la ley. Si tenemos conocimiento de alguna infracci\u00f3n, eliminaremos dichos enlaces de inmediato.<\/p>\n\n\n\n<p><strong>Copyright<\/strong><br>El contenido y las obras creadas por los operadores del sitio en estas p\u00e1ginas est\u00e1n sujetos a la ley alemana de derechos de autor. La reproducci\u00f3n, edici\u00f3n, distribuci\u00f3n y cualquier tipo de explotaci\u00f3n fuera de los l\u00edmites del derecho de autor requieren el consentimiento por escrito del respectivo autor o creador. Las descargas y copias de este sitio s\u00f3lo est\u00e1n permitidas para uso privado y no comercial. En la medida en que el contenido de este sitio no haya sido creado por el operador, se respetan los derechos de autor de terceros. En particular, los contenidos de terceros est\u00e1n marcados como tales. No obstante, si tienes conocimiento de una infracci\u00f3n de los derechos de autor, te rogamos que nos lo comuniques. Si tenemos conocimiento de alguna infracci\u00f3n, eliminaremos dicho contenido de inmediato.<\/p>\n\n\n\n<p><strong>Privacidad<\/strong><br>El uso de nuestro sitio web es posible, por lo general, sin proporcionar datos personales. En la medida en que se recopilen datos personales (por ejemplo, nombre, direcci\u00f3n o direcciones de correo electr\u00f3nico) en nuestras p\u00e1ginas, se har\u00e1 siempre, en la medida de lo posible, de forma voluntaria. Estos datos no se transmitir\u00e1n a terceros sin tu consentimiento expreso.<\/p>\n\n\n\n<p>Se\u00f1alamos que la transmisi\u00f3n de datos a trav\u00e9s de Internet (por ejemplo, la comunicaci\u00f3n por correo electr\u00f3nico) presenta fallas de seguridad. No es posible una protecci\u00f3n completa de los datos contra el acceso de terceros.<\/p>\n\n\n\n<p>El uso de los datos de contacto publicados en el marco de la obligaci\u00f3n legal por parte de terceros para el env\u00edo de material publicitario e informativo no solicitado queda expresamente prohibido. Nos reservamos expresamente el derecho a emprender acciones legales en caso de env\u00edo no solicitado de informaci\u00f3n publicitaria, como por ejemplo correos no deseados (spams).<\/p>\n<\/div><\/div>\n<\/div><\/div>\n","protected":false},"excerpt":{"rendered":"","protected":false},"author":2,"featured_media":0,"parent":0,"menu_order":0,"comment_status":"closed","ping_status":"closed","template":"","meta":{"_coblocks_attr":"","_coblocks_dimensions":"","_coblocks_responsive_height":"","_coblocks_accordion_ie_support":"","footnotes":""},"class_list":["post-2625","page","type-page","status-publish","hentry"],"yoast_head":"<!-- This site is optimized with the Yoast SEO plugin v27.4 - https:\/\/yoast.com\/product\/yoast-seo-wordpress\/ -->\n<title>Legal - Donkey Dreamland<\/title>\n<meta name=\"robots\" content=\"index, follow, max-snippet:-1, max-image-preview:large, max-video-preview:-1\" \/>\n<link rel=\"canonical\" href=\"https:\/\/donkeydreamland.com\/es\/legal\/\" \/>\n<meta property=\"og:locale\" content=\"es_ES\" \/>\n<meta property=\"og:type\" content=\"article\" \/>\n<meta property=\"og:title\" content=\"Legal - Donkey Dreamland\" \/>\n<meta property=\"og:url\" content=\"https:\/\/donkeydreamland.com\/es\/legal\/\" \/>\n<meta property=\"og:site_name\" content=\"Donkey Dreamland\" \/>\n<meta property=\"article:modified_time\" content=\"2021-07-20T12:44:35+00:00\" \/>\n<meta name=\"twitter:card\" content=\"summary_large_image\" \/>\n<meta name=\"twitter:label1\" content=\"Tiempo de lectura\" \/>\n\t<meta name=\"twitter:data1\" content=\"3 minutos\" \/>\n<script type=\"application\/ld+json\" class=\"yoast-schema-graph\">{\"@context\":\"https:\\\/\\\/schema.org\",\"@graph\":[{\"@type\":\"WebPage\",\"@id\":\"https:\\\/\\\/donkeydreamland.com\\\/es\\\/legal\\\/\",\"url\":\"https:\\\/\\\/donkeydreamland.com\\\/es\\\/legal\\\/\",\"name\":\"Legal - Donkey Dreamland\",\"isPartOf\":{\"@id\":\"https:\\\/\\\/donkeydreamland.com\\\/#website\"},\"datePublished\":\"2021-07-20T12:44:34+00:00\",\"dateModified\":\"2021-07-20T12:44:35+00:00\",\"breadcrumb\":{\"@id\":\"https:\\\/\\\/donkeydreamland.com\\\/es\\\/legal\\\/#breadcrumb\"},\"inLanguage\":\"es\",\"potentialAction\":[{\"@type\":\"ReadAction\",\"target\":[\"https:\\\/\\\/donkeydreamland.com\\\/es\\\/legal\\\/\"]}]},{\"@type\":\"BreadcrumbList\",\"@id\":\"https:\\\/\\\/donkeydreamland.com\\\/es\\\/legal\\\/#breadcrumb\",\"itemListElement\":[{\"@type\":\"ListItem\",\"position\":1,\"name\":\"Home\",\"item\":\"https:\\\/\\\/donkeydreamland.com\\\/\"},{\"@type\":\"ListItem\",\"position\":2,\"name\":\"Legal\"}]},{\"@type\":\"WebSite\",\"@id\":\"https:\\\/\\\/donkeydreamland.com\\\/#website\",\"url\":\"https:\\\/\\\/donkeydreamland.com\\\/\",\"name\":\"Donkey Dreamland\",\"description\":\"Welcome to Donkey Dreamland\",\"publisher\":{\"@id\":\"https:\\\/\\\/donkeydreamland.com\\\/#organization\"},\"potentialAction\":[{\"@type\":\"SearchAction\",\"target\":{\"@type\":\"EntryPoint\",\"urlTemplate\":\"https:\\\/\\\/donkeydreamland.com\\\/?s={search_term_string}\"},\"query-input\":{\"@type\":\"PropertyValueSpecification\",\"valueRequired\":true,\"valueName\":\"search_term_string\"}}],\"inLanguage\":\"es\"},{\"@type\":\"Organization\",\"@id\":\"https:\\\/\\\/donkeydreamland.com\\\/#organization\",\"name\":\"Donkey Dreamland\",\"url\":\"https:\\\/\\\/donkeydreamland.com\\\/\",\"logo\":{\"@type\":\"ImageObject\",\"inLanguage\":\"es\",\"@id\":\"https:\\\/\\\/donkeydreamland.com\\\/#\\\/schema\\\/logo\\\/image\\\/\",\"url\":\"https:\\\/\\\/donkeydreamland.com\\\/wp-content\\\/uploads\\\/2021\\\/03\\\/dd-logo.png\",\"contentUrl\":\"https:\\\/\\\/donkeydreamland.com\\\/wp-content\\\/uploads\\\/2021\\\/03\\\/dd-logo.png\",\"width\":521,\"height\":124,\"caption\":\"Donkey Dreamland\"},\"image\":{\"@id\":\"https:\\\/\\\/donkeydreamland.com\\\/#\\\/schema\\\/logo\\\/image\\\/\"}}]}<\/script>\n<!-- \/ Yoast SEO plugin. -->","yoast_head_json":{"title":"Legal - Donkey Dreamland","robots":{"index":"index","follow":"follow","max-snippet":"max-snippet:-1","max-image-preview":"max-image-preview:large","max-video-preview":"max-video-preview:-1"},"canonical":"https:\/\/donkeydreamland.com\/es\/legal\/","og_locale":"es_ES","og_type":"article","og_title":"Legal - Donkey Dreamland","og_url":"https:\/\/donkeydreamland.com\/es\/legal\/","og_site_name":"Donkey Dreamland","article_modified_time":"2021-07-20T12:44:35+00:00","twitter_card":"summary_large_image","twitter_misc":{"Tiempo de lectura":"3 minutos"},"schema":{"@context":"https:\/\/schema.org","@graph":[{"@type":"WebPage","@id":"https:\/\/donkeydreamland.com\/es\/legal\/","url":"https:\/\/donkeydreamland.com\/es\/legal\/","name":"Legal - Donkey Dreamland","isPartOf":{"@id":"https:\/\/donkeydreamland.com\/#website"},"datePublished":"2021-07-20T12:44:34+00:00","dateModified":"2021-07-20T12:44:35+00:00","breadcrumb":{"@id":"https:\/\/donkeydreamland.com\/es\/legal\/#breadcrumb"},"inLanguage":"es","potentialAction":[{"@type":"ReadAction","target":["https:\/\/donkeydreamland.com\/es\/legal\/"]}]},{"@type":"BreadcrumbList","@id":"https:\/\/donkeydreamland.com\/es\/legal\/#breadcrumb","itemListElement":[{"@type":"ListItem","position":1,"name":"Home","item":"https:\/\/donkeydreamland.com\/"},{"@type":"ListItem","position":2,"name":"Legal"}]},{"@type":"WebSite","@id":"https:\/\/donkeydreamland.com\/#website","url":"https:\/\/donkeydreamland.com\/","name":"Donkey Dreamland","description":"Welcome to Donkey Dreamland","publisher":{"@id":"https:\/\/donkeydreamland.com\/#organization"},"potentialAction":[{"@type":"SearchAction","target":{"@type":"EntryPoint","urlTemplate":"https:\/\/donkeydreamland.com\/?s={search_term_string}"},"query-input":{"@type":"PropertyValueSpecification","valueRequired":true,"valueName":"search_term_string"}}],"inLanguage":"es"},{"@type":"Organization","@id":"https:\/\/donkeydreamland.com\/#organization","name":"Donkey Dreamland","url":"https:\/\/donkeydreamland.com\/","logo":{"@type":"ImageObject","inLanguage":"es","@id":"https:\/\/donkeydreamland.com\/#\/schema\/logo\/image\/","url":"https:\/\/donkeydreamland.com\/wp-content\/uploads\/2021\/03\/dd-logo.png","contentUrl":"https:\/\/donkeydreamland.com\/wp-content\/uploads\/2021\/03\/dd-logo.png","width":521,"height":124,"caption":"Donkey Dreamland"},"image":{"@id":"https:\/\/donkeydreamland.com\/#\/schema\/logo\/image\/"}}]}},"featured_image_src":null,"featured_image_src_square":null,"_links":{"self":[{"href":"https:\/\/donkeydreamland.com\/es\/wp-json\/wp\/v2\/pages\/2625","targetHints":{"allow":["GET"]}}],"collection":[{"href":"https:\/\/donkeydreamland.com\/es\/wp-json\/wp\/v2\/pages"}],"about":[{"href":"https:\/\/donkeydreamland.com\/es\/wp-json\/wp\/v2\/types\/page"}],"author":[{"embeddable":true,"href":"https:\/\/donkeydreamland.com\/es\/wp-json\/wp\/v2\/users\/2"}],"replies":[{"embeddable":true,"href":"https:\/\/donkeydreamland.com\/es\/wp-json\/wp\/v2\/comments?post=2625"}],"version-history":[{"count":1,"href":"https:\/\/donkeydreamland.com\/es\/wp-json\/wp\/v2\/pages\/2625\/revisions"}],"predecessor-version":[{"id":2626,"href":"https:\/\/donkeydreamland.com\/es\/wp-json\/wp\/v2\/pages\/2625\/revisions\/2626"}],"wp:attachment":[{"href":"https:\/\/donkeydreamland.com\/es\/wp-json\/wp\/v2\/media?parent=2625"}],"curies":[{"name":"wp","href":"https:\/\/api.w.org\/{rel}","templated":true}]}}