{"id":2562,"date":"2021-07-19T08:41:09","date_gmt":"2021-07-19T06:41:09","guid":{"rendered":"https:\/\/donkeydreamland.com\/?page_id=2562"},"modified":"2021-07-19T13:32:53","modified_gmt":"2021-07-19T11:32:53","slug":"privacidad","status":"publish","type":"page","link":"https:\/\/donkeydreamland.com\/es\/privacidad\/","title":{"rendered":"Privacidad"},"content":{"rendered":"\n<div class=\"wp-block-atomic-blocks-ab-columns intro ab-layout-columns-1 one-column ab-columns-center\" style=\"margin-top:50px;margin-bottom:50px;padding-right:50px;padding-left:50px\"><div class=\"ab-layout-column-wrap ab-block-layout-column-gap-2 ab-is-responsive-column\" style=\"max-width:1170px\">\n<div class=\"wp-block-atomic-blocks-ab-column standard ab-block-layout-column\"><div class=\"ab-block-layout-column-inner\">\n<h2 class=\"has-text-color wp-block-heading\" style=\"color:#892418\">Aviso de Privacidad<\/h2>\n\n\n\n<ol class=\"has-normal-font-size wp-block-list\"><li><a href=\"#who-we-are\">Qui\u00e9nes somos<\/a><\/li><li><a href=\"#collect-personal-data\">Las formas en que recopilamos los datos personales<\/a><\/li><li><a href=\"#legitimate-business-purposes\">Fines comerciales leg\u00edtimos<\/a><\/li><li><a href=\"#collection-of-general-data\">Comunicaciones de marketing<\/a><\/li><li><a href=\"#access-to-your-information\">\u00bfQui\u00e9n tendr\u00e1 acceso a tus datos?<\/a><\/li><li><a href=\"#how-we-look-after-your-data\">C\u00f3mo cuidamos tus datos<\/a><\/li><li><a href=\"#contact-possibility\">Tus derechos<\/a><\/li><li><a href=\"#cookie\">Opciones de cookies<\/a><\/li><\/ol>\n\n\n\n<div style=\"height:20px\" aria-hidden=\"true\" class=\"wp-block-spacer\"><\/div>\n\n\n\n<p>Tu privacidad es importante para nosotros. La informaci\u00f3n que figura a continuaci\u00f3n explica c\u00f3mo recopilamos, usamos y protegemos los datos personales que nos proporcionas. Igualmente se detallan tus derechos con respecto a los datos personales que tenemos sobre ti y c\u00f3mo contactarnos si tienes alguna pregunta o deseas cambiar la forma en que nos comunicamos contigo.<\/p>\n\n\n\n<p>Es posible que modifiquemos este Aviso de Privacidad de vez en cuando para seguir cumpliendo con los cambios en las normas. Si este fuera el caso y tuvi\u00e9ramos que hacer alg\u00fan cambio significativo en la forma en que tratamos tu informaci\u00f3n personal, lo dejaremos claro en el sitio web Donkey Dreamland y\/o contact\u00e1ndote directamente. Para m\u00e1s informaci\u00f3n,, <a href=\"https:\/\/www.aepd.es\/es\" target=\"_blank\" rel=\"noreferrer noopener\">consulta la Agencia Espa\u00f1ola de Protecci\u00f3n de Datos.<\/a><\/p>\n\n\n\n<h3 class=\"has-text-color wp-block-heading\" id=\"who-we-are\" style=\"color:#892418\">1. Qui\u00e9nes somos<\/h3>\n\n\n\n<p>Somos una organizaci\u00f3n sin fines de lucro registrada en Espa\u00f1a \u2013 N\u00famero G01665686 y estamos registrados como responsables del tratamiento de datos en la Oficina del Comisionado para la Protecci\u00f3n de Datos Personales. La visi\u00f3n de Donkey Dreamland es la de un mundo en el que los burros puedan vivir sin sufrimiento, en el que se valore completamente su contribuci\u00f3n a la humanidad y en el que conserven su dignidad.<\/p>\n\n\n\n<p>Siempre que recopilamos datos personales, tendremos preguntas claras sobre las preferencias de marketing e informaci\u00f3n sobre c\u00f3mo puede elegir si te contactamos y cu\u00e1ndo. Donkey Dreamland nunca vender\u00e1 tus datos. Est\u00e1 bien si no quieres recibir informaci\u00f3n nuestra. Puedes actualizar tus preferencias de comunicaci\u00f3n escribiendo a Donkey Dreamland, Diseminado la Rosa, 79, 29649 Mijas, Espa\u00f1a o llamando a nuestro equipo al <a href=\"tel:+34640111651\">+34 640 11 16 51<\/a>.<\/p>\n\n\n\n<p>Si tienes alguna pregunta o duda sobre c\u00f3mo tratamos tus datos personales, puedes contactar a Donkey Dreamland escribi\u00e9ndonos a la direcci\u00f3n anterior o enviando un correo electr\u00f3nico a <a href=\"mailto:info@donkeydreamland.com\">info@donkeydreamland.com<\/a><\/p>\n\n\n\n<h3 class=\"has-text-color wp-block-heading\" id=\"collect-personal-data\" style=\"color:#892418\">2. Las formas en que recopilamos los datos personales<\/h3>\n\n\n\n<p><strong>Cuando compartes datos personales con nosotros directamente<\/strong><\/p>\n\n\n\n<p>Recopilamos datos personales sobre ti si llenas los formularios de nuestro sitio web o te comunicas con nosotros por tel\u00e9fono o correo electr\u00f3nico.<\/p>\n\n\n\n<p>Los datos personales que tratamos pueden incluir detalles como tu nombre, direcci\u00f3n postal, n\u00famero de tel\u00e9fono, direcci\u00f3n de correo electr\u00f3nico, fecha de nacimiento, direcci\u00f3n IP o datos bancarios. Recopilamos estos datos por diversas razones, como responder a tu consulta, prestarte un servicio o procesar tu donaci\u00f3n.<\/p>\n\n\n\n<p>Si nos das informaci\u00f3n personal de un tercero \u2013si vas a comprar una adopci\u00f3n de un burro como regalo para un amigo, por ejemplo- tambi\u00e9n le haremos saber c\u00f3mo pensamos usarla (para enviarles sus boletines informativos, por ejemplo) y le daremos la opci\u00f3n de no recibir comunicaciones en el futuro.<\/p>\n\n\n\n<p><strong>Cuando usas nuestro sitio web<\/strong><\/p>\n\n\n\n<p>Como la mayor\u00eda de los sitios web, usamos \u201ccookies\u201d para ayudarnos a hacer que nuestro sitio web \u2013 y la forma en que lo usas \u2013 sea lo m\u00e1s relevante e interesante posible para ti. Las cookies hacen que un sitio web recuerde que has visitado nuestro sitio. Aqu\u00ed encontrar\u00e1s m\u00e1s informaci\u00f3n sobre c\u00f3mo usamos las cookies.<\/p>\n\n\n\n<p>Nuestro sitio web contiene formularios que puedes llenar. S\u00f3lo pedimos la informaci\u00f3n que necesitamos para proporcionarte los servicios, productos e informaci\u00f3n que has solicitado. Los formularios enviados en l\u00ednea se convierten autom\u00e1ticamente en un correo electr\u00f3nico y se env\u00edan directamente a un miembro del personal. Si los prefieres, puedes imprimir y enviarnos el formulario por correo.<\/p>\n\n\n\n<p><strong>Informaci\u00f3n disponible p\u00fablicamente<\/strong><\/p>\n\n\n\n<p>En ocasiones, podemos usar informaci\u00f3n disponible p\u00fablicamente para conocer mejor a las personas que nos apoyan y mejorar nuestros m\u00e9todos, productos y servicios de recaudaci\u00f3n de fondos. Esto puede incluir informaci\u00f3n encontrada en lugares como el Colegio de Registradores e informaci\u00f3n que ha sido publicada en art\u00edculos o peri\u00f3dicos.<\/p>\n\n\n\n<p>Cuando recibimos informaci\u00f3n de otras fuentes, confiamos en que esas fuentes cuentan con las disposiciones adecuadas que indiquen c\u00f3mo recopilan los datos y con qui\u00e9n pueden compartirlos. Verificamos cuidadosamente nuestras fuentes para asegurarnos de que s\u00f3lo recibimos tu informaci\u00f3n cuando es legal que lo hagamos.<\/p>\n\n\n\n<p><strong>Cuando nos apoyas a trav\u00e9s de un tercero<\/strong><\/p>\n\n\n\n<p>En algunos casos, tu informaci\u00f3n puede ser compartida con nosotros para otra organizaci\u00f3n. Estos terceros independientes s\u00f3lo lo har\u00e1n cuando t\u00fa hayas indicado que deseas apoyar a Donkey Dreamland y hayas dado tu consentimiento.<\/p>\n\n\n\n<p><strong>Cuando has dado permiso a otra organizaci\u00f3n para compartir tu informaci\u00f3n<\/strong><\/p>\n\n\n\n<p>Es posible que hayas dado permiso a una compa\u00f1\u00eda u otra organizaci\u00f3n para compartir tus datos con terceros. Esto puede suceder cuando compras un producto, te registras en un concurso en l\u00ednea, completas una encuesta o te inscribes en un sitio web de comparaci\u00f3n.<\/p>\n\n\n\n<p><strong>Cuando has dado tu permiso en las redes sociales<\/strong><\/p>\n\n\n\n<p>Dependiendo de tu configuraci\u00f3n o de las pol\u00edticas de privacidad de las redes sociales y de los servicios de mensajer\u00eda como Facebook, WhatsApp o Twitter, puedes darnos permiso para acceder a la informaci\u00f3n de esas cuentas o servicios.<\/p>\n\n\n\n<p><strong>C\u00f3mo Usamos Tus Datos Personales<\/strong><\/p>\n\n\n\n<p>Recopilaremos, almacenaremos y usaremos los datos personales que nos proporciones para llevar a cabo las actividades pertinentes para prestarte nuestros servicios.<\/p>\n\n\n\n<p><strong>Podemos usar la informaci\u00f3n personal que tenemos sobre ti de las siguientes maneras:<\/strong><\/p>\n\n\n\n<ul class=\"wp-block-list\"><li>Para proporcionarte informaci\u00f3n, que has solicitado, sobre las formas de apoyar a Donkey Dreamland, nuestros servicios y campa\u00f1as.<\/li><li>Para proporcionar la informaci\u00f3n, los productos y los servicios que nos solicites, como por ejemplo, el realojamiento de un burro.<\/li><li>Para ser usados como parte de nuestros esfuerzos para prevenir o detectar fraudes o abusos en nuestro sitio web.<\/li><li>Para analizar e informar sobre el n\u00famero y la naturaleza de los contactos con la organizaci\u00f3n.<\/li><li>Para llevar a cabo una investigaci\u00f3n sobre la demograf\u00eda, los intereses y el comportamiento de nuestros usuarios y personas que nos apoyan para conocerlos mejor y permitirnos mejorar nuestros servicios. Esta investigaci\u00f3n puede ser llevada a cabo internamente por nuestros empleados o podemos pedir a otra compa\u00f1\u00eda que haga este trabajo por nosotros.<\/li><li>Para enviarte o permitir que terceros a los que hayas dado tu consentimiento, te env\u00eden informaci\u00f3n que creemos que puede ser de tu inter\u00e9s.<\/li><\/ul>\n\n\n\n<h3 class=\"has-text-color wp-block-heading\" id=\"legitimate-business-purposes\" style=\"color:#892418\">3. Fines comerciales leg\u00edtimos<\/h3>\n\n\n\n<p>Debemos tener una base legal para procesar tus datos personales. Consideramos que tenemos una base legal cuando:<\/p>\n\n\n\n<ul class=\"wp-block-list\"><li>Nos has dado tu consentimiento para hacerlo para los fines espec\u00edficos que te hemos indicado.<\/li><li>Es necesario que lo hagamos para poder prestarte los servicios que nos has solicitado \u2013 por ejemplo, facturar o contactarte en relaci\u00f3n con las donaciones.<\/li><li>Proporcionarte informaci\u00f3n que pensamos que puede ser de tu inter\u00e9s si has aceptado recibirla o si la ley lo permite o lo exige.<\/li><\/ul>\n\n\n\n<p>Cuando tratamos tus datos personales sobre la base de nuestros intereses leg\u00edtimos, estos son nuestros intereses (o los de nuestros terceros) en la prestaci\u00f3n de nuestros servicios a ti de una manera eficiente y segura.<\/p>\n\n\n\n<h3 class=\"has-text-color wp-block-heading\" id=\"marketing-communications\" style=\"color:#892418\">4. Comunicaciones de marketing<\/h3>\n\n\n\n<p>Nos gustar\u00eda asegurarnos de que est\u00e1s al tanto de los progresos que estamos haciendo y pedirte donaciones u otro tipo de apoyo (como sumar tu voz a una campa\u00f1a o dar tu tiempo, por ejemplo). Ocasionalmente, podemos incluir en estas comunicaciones informaci\u00f3n de organizaciones asociadas o de organizaciones que nos apoyan \u2013 por ejemplo, aquellas que trabajan con nosotros para mejorar el bienestar de los burros.<\/p>\n\n\n\n<p>Si prefieres no recibir ninguna de nuestras comunicaciones de marketing, puedes cambiar tus preferencias y cancelar tu suscripci\u00f3n en cualquier momento escribiendo a Donkey Dreamland a la direcci\u00f3n indicada anteriormente o enviando un correo electr\u00f3nico a <a href=\"mailto:info@donkeydreamland.com\">info@donkeydreamland.com<\/a> o llam\u00e1ndonos al <a href=\"tel:+34640111651\">+34 640 11 16 51<\/a>. Si decides no recibir esta informaci\u00f3n, no podremos mantenerte informado de nuevos productos, servicios y promociones que puedan interesarte.<\/p>\n\n\n\n<p>Podemos usar informaci\u00f3n adicional, incluyendo informaci\u00f3n sobre tu lugar de residencia, cuando est\u00e9 disponible en fuentes externas para ayudarnos a crear un perfil de tus intereses y preferencias. Esto nos permite garantizar que las comunicaciones sean pertinentes y oportunas y ofrecer una mejor experiencia a nuestros seguidores. Tambi\u00e9n nos ayuda a conocer los antecedentes de las personas que nos apoyan para poder hacer las solicitudes adecuadas a aquellos que puedan considerar la posibilidad de volver a hacer una donaci\u00f3n, lo que nos permite recaudar fondos con mayor rapidez, de forma m\u00e1s rentable y proporcional a como lo har\u00edamos de otro modo.<\/p>\n\n\n\n<p>Podemos recurrir a proveedores externos para que lleven a cabo estas actividades en nuestro nombre y compartir tu informaci\u00f3n con ellos en la medida necesaria. Dicha informaci\u00f3n es recopilada (por nosotros o por nuestros proveedores) usando datos disponibles p\u00fablicamente, por ejemplo, direcciones, informaci\u00f3n disponible en los registros p\u00fablicos, como los cargos de director, informaci\u00f3n del censo electoral y cobertura de los medios de comunicaci\u00f3n.<\/p>\n\n\n\n<h3 class=\"has-text-color wp-block-heading\" id=\"access-to-your-information\" style=\"color:#892418\">5. \u00bfQui\u00e9n tendr\u00e1 acceso a tus datos?<\/h3>\n\n\n\n<p>Nos aseguramos de que existan los controles adecuados para proteger tus datos personales de acuerdo con la legislaci\u00f3n vigente en materia de protecci\u00f3n de datos. Llevamos a cabo revisiones peri\u00f3dicas de las personas que tienen acceso a la informaci\u00f3n que poseemos para asegurarnos de que tu informaci\u00f3n s\u00f3lo sea accesible para el personal, los voluntarios y los contratistas de Donkey Dreamland con la formaci\u00f3n adecuada.<\/p>\n\n\n\n<p>Podemos compartir tus datos personales con terceros proveedores de servicios que nos ayudan a administrar la prestaci\u00f3n de nuestros servicios, incluyendo:<\/p>\n\n\n\n<ul class=\"wp-block-list\"><li>socios comerciales, proveedores y subcontratistas;<\/li><li>proveedores de an\u00e1lisis y motores de b\u00fasqueda que nos ayudan a mejorar y optimizar nuestro sitio web;<\/li><li>nuestros reguladores, el Colegio de Registradores y la Oficina del Comisionado para la Protecci\u00f3n de Datos Personales;<\/li><li>Para cumplir con nuestras obligaciones reglamentarias y para ayudar a resolver reclamos u otras cuestiones;<\/li><li>los agentes que contratamos para que realicen funciones en nuestro nombre, como el cumplimiento de las entregas de pedidos, el env\u00edo de comunicaciones a los clientes, el an\u00e1lisis de datos, la asistencia en materia de marketing, la tramitaci\u00f3n de pagos y la prestaci\u00f3n de servicios de atenci\u00f3n al cliente. Tienen acceso a la informaci\u00f3n personal necesaria para realizar sus funciones, pero no pueden usarla para otros fines. Cuando recurrimos a empresas externas para que recopilen o procesen datos personales en nuestro nombre, tal y como se ha descrito anteriormente, realizamos verificaciones exhaustivas antes de trabajar con ellas;<\/li><\/ul>\n\n\n\n<p>Es posible que queramos usar parte de la informaci\u00f3n proporcionada, como el sexo o la edad o para dar a conocer el trabajo de Donkey Dreamland. S\u00f3lo haremos p\u00fablica esta informaci\u00f3n si contamos con tu consentimiento expl\u00edcito e informado (o el de tus padres o tutores en caso de ser menor de 16 a\u00f1os) y siempre solicitaremos dicho consentimiento antes de usar tu informaci\u00f3n p\u00fablicamente.<\/p>\n\n\n\n<h3 class=\"has-text-color wp-block-heading\" id=\"how-we-look-after-your-data\" style=\"color:#892418\">6. C\u00f3mo cuidamos tus datos<\/h3>\n\n\n\n<p>La informaci\u00f3n que recopilamos de ti puede ser transferida y almacenada en un destino fuera del Espacio Econ\u00f3mico Europeo (EEE). Al enviar tu informaci\u00f3n, aceptas que dicha transferencia, almacenamiento o procesamiento sea realizado por personal que opera fuera del EEE y que trabaja para nosotros o para uno de nuestros proveedores. Dicho personal puede dedicarse, entre otras cosas, a la realizaci\u00f3n de tu pedido, al tratamiento de tus datos de pago y a la prestaci\u00f3n de servicios de apoyo.<\/p>\n\n\n\n<p>Conservaremos tus datos personales durante un tiempo no superior al necesario para los fines que hemos expuesto anteriormente. Conservaremos tu informaci\u00f3n durante el tiempo que sea necesario para proporcionarte los bienes o servicios pertinentes o para ejecutar cualquier contrato que tengamos contigo y durante un per\u00edodo posterior para atender cualquier consulta o mantener tus preferencias de comunicaci\u00f3n.<\/p>\n\n\n\n<p>Los terceros que contratemos mantendr\u00e1n tus datos almacenados en sus sistemas durante el tiempo que sea necesario para prestarte a ti o a nosotros los servicios pertinentes. Si terminamos nuestra relaci\u00f3n con cualquier proveedor externo, nos aseguraremos de que elimine de forma segura o nos devuelva tus datos personales.<\/p>\n\n\n\n<h3 class=\"has-text-color wp-block-heading\" id=\"your-rights\" style=\"color:#892418\">7. Tus derechos<\/h3>\n\n\n\n<p>Tienes un n\u00famero de derechos en relaci\u00f3n con tus datos personales. Hay circunstancias en las que tus derechos pueden no ser aplicables. Tienes derecho a solicitar que:<\/p>\n\n\n\n<ul class=\"wp-block-list\"><li>Derecho a ser informado: Te proporcionaremos una copia de la informaci\u00f3n que tenemos sobre ti.<\/li><li>Derecho de rectificaci\u00f3n: Actualizar cualquiera de tus datos personales si son inexactos o no est\u00e1n actualizados.<\/li><li>Derecho de borrado: Eliminar los datos personales que tenemos sobre ti \u2013 si te estamos prestando servicios y nos pides que eliminemos los datos personales que tenemos sobre ti, es posible que no podamos seguir prest\u00e1ndote esos servicios.<\/li><li>Derecho a restringir el tratamiento: Restringir el modo en que tratamos tus datos personales.<\/li><li>Derecho de oposici\u00f3n: Dejar de procesar tus datos si tienes objeciones v\u00e1lidas a dicho procesamiento.<\/li><li>Derecho a la portabilidad de los datos: Transferir tus datos personales a un tercero.<\/li><\/ul>\n\n\n\n<p>Para m\u00e1s informaci\u00f3n sobre tus derechos y c\u00f3mo usarlos o si deseas realizar alguna de las solicitudes mencionadas anteriormente, cont\u00e1ctanos a trav\u00e9s de los datos que se indican a continuaci\u00f3n. Responderemos a todas estas solicitudes en el plazo establecido por la ley.<\/p>\n\n\n\n<p>Aunque hayas consentido el tratamiento de tus datos personales con fines de marketing, tienes derecho a pedirnos que dejemos de tratar tus datos personales. Puedes ejercer este derecho en cualquier momento contact\u00e1ndonos a trav\u00e9s de los datos proporcionados en esta secci\u00f3n.<\/p>\n\n\n\n<p>Si tienes alguna pregunta o duda sobre c\u00f3mo tratamos tus datos personales, puedes contactar a Donkey Dreamland escribiendo a Donkey Dreamland a la direcci\u00f3n indicada anteriormente o a trav\u00e9s del correo electr\u00f3nico <a href=\"mailto:info@donkeydreamland.com\">info@donkeydreamland.com<\/a><\/p>\n\n\n\n<h3 class=\"has-text-color wp-block-heading\" id=\"cookie\" style=\"color:#892418\">8. Cookie options<\/h3>\n\n\n<p>[rcb-consent type=\u00bbchange\u00bb tag=\u00bba\u00bb text=\u00bbChange privacy settings\u00bb]<\/p>\n<\/div><\/div>\n<\/div><\/div>\n","protected":false},"excerpt":{"rendered":"","protected":false},"author":2,"featured_media":0,"parent":0,"menu_order":0,"comment_status":"closed","ping_status":"closed","template":"","meta":{"_coblocks_attr":"","_coblocks_dimensions":"","_coblocks_responsive_height":"","_coblocks_accordion_ie_support":"","footnotes":""},"class_list":["post-2562","page","type-page","status-publish","hentry"],"yoast_head":"<!-- This site is optimized with the Yoast SEO plugin v27.4 - https:\/\/yoast.com\/product\/yoast-seo-wordpress\/ -->\n<title>Privacidad - Donkey Dreamland<\/title>\n<meta name=\"robots\" content=\"index, follow, max-snippet:-1, max-image-preview:large, max-video-preview:-1\" \/>\n<link rel=\"canonical\" href=\"https:\/\/donkeydreamland.com\/es\/privacidad\/\" \/>\n<meta property=\"og:locale\" content=\"es_ES\" \/>\n<meta property=\"og:type\" content=\"article\" \/>\n<meta property=\"og:title\" content=\"Privacidad - Donkey Dreamland\" \/>\n<meta property=\"og:url\" content=\"https:\/\/donkeydreamland.com\/es\/privacidad\/\" \/>\n<meta property=\"og:site_name\" content=\"Donkey Dreamland\" \/>\n<meta property=\"article:modified_time\" content=\"2021-07-19T11:32:53+00:00\" \/>\n<meta name=\"twitter:card\" content=\"summary_large_image\" \/>\n<meta name=\"twitter:label1\" content=\"Tiempo de lectura\" \/>\n\t<meta name=\"twitter:data1\" content=\"10 minutos\" \/>\n<script type=\"application\/ld+json\" class=\"yoast-schema-graph\">{\"@context\":\"https:\\\/\\\/schema.org\",\"@graph\":[{\"@type\":\"WebPage\",\"@id\":\"https:\\\/\\\/donkeydreamland.com\\\/es\\\/privacidad\\\/\",\"url\":\"https:\\\/\\\/donkeydreamland.com\\\/es\\\/privacidad\\\/\",\"name\":\"Privacidad - Donkey Dreamland\",\"isPartOf\":{\"@id\":\"https:\\\/\\\/donkeydreamland.com\\\/#website\"},\"datePublished\":\"2021-07-19T06:41:09+00:00\",\"dateModified\":\"2021-07-19T11:32:53+00:00\",\"breadcrumb\":{\"@id\":\"https:\\\/\\\/donkeydreamland.com\\\/es\\\/privacidad\\\/#breadcrumb\"},\"inLanguage\":\"es\",\"potentialAction\":[{\"@type\":\"ReadAction\",\"target\":[\"https:\\\/\\\/donkeydreamland.com\\\/es\\\/privacidad\\\/\"]}]},{\"@type\":\"BreadcrumbList\",\"@id\":\"https:\\\/\\\/donkeydreamland.com\\\/es\\\/privacidad\\\/#breadcrumb\",\"itemListElement\":[{\"@type\":\"ListItem\",\"position\":1,\"name\":\"Home\",\"item\":\"https:\\\/\\\/donkeydreamland.com\\\/\"},{\"@type\":\"ListItem\",\"position\":2,\"name\":\"Privacidad\"}]},{\"@type\":\"WebSite\",\"@id\":\"https:\\\/\\\/donkeydreamland.com\\\/#website\",\"url\":\"https:\\\/\\\/donkeydreamland.com\\\/\",\"name\":\"Donkey Dreamland\",\"description\":\"Welcome to Donkey Dreamland\",\"publisher\":{\"@id\":\"https:\\\/\\\/donkeydreamland.com\\\/#organization\"},\"potentialAction\":[{\"@type\":\"SearchAction\",\"target\":{\"@type\":\"EntryPoint\",\"urlTemplate\":\"https:\\\/\\\/donkeydreamland.com\\\/?s={search_term_string}\"},\"query-input\":{\"@type\":\"PropertyValueSpecification\",\"valueRequired\":true,\"valueName\":\"search_term_string\"}}],\"inLanguage\":\"es\"},{\"@type\":\"Organization\",\"@id\":\"https:\\\/\\\/donkeydreamland.com\\\/#organization\",\"name\":\"Donkey Dreamland\",\"url\":\"https:\\\/\\\/donkeydreamland.com\\\/\",\"logo\":{\"@type\":\"ImageObject\",\"inLanguage\":\"es\",\"@id\":\"https:\\\/\\\/donkeydreamland.com\\\/#\\\/schema\\\/logo\\\/image\\\/\",\"url\":\"https:\\\/\\\/donkeydreamland.com\\\/wp-content\\\/uploads\\\/2021\\\/03\\\/dd-logo.png\",\"contentUrl\":\"https:\\\/\\\/donkeydreamland.com\\\/wp-content\\\/uploads\\\/2021\\\/03\\\/dd-logo.png\",\"width\":521,\"height\":124,\"caption\":\"Donkey Dreamland\"},\"image\":{\"@id\":\"https:\\\/\\\/donkeydreamland.com\\\/#\\\/schema\\\/logo\\\/image\\\/\"}}]}<\/script>\n<!-- \/ Yoast SEO plugin. -->","yoast_head_json":{"title":"Privacidad - Donkey Dreamland","robots":{"index":"index","follow":"follow","max-snippet":"max-snippet:-1","max-image-preview":"max-image-preview:large","max-video-preview":"max-video-preview:-1"},"canonical":"https:\/\/donkeydreamland.com\/es\/privacidad\/","og_locale":"es_ES","og_type":"article","og_title":"Privacidad - Donkey Dreamland","og_url":"https:\/\/donkeydreamland.com\/es\/privacidad\/","og_site_name":"Donkey Dreamland","article_modified_time":"2021-07-19T11:32:53+00:00","twitter_card":"summary_large_image","twitter_misc":{"Tiempo de lectura":"10 minutos"},"schema":{"@context":"https:\/\/schema.org","@graph":[{"@type":"WebPage","@id":"https:\/\/donkeydreamland.com\/es\/privacidad\/","url":"https:\/\/donkeydreamland.com\/es\/privacidad\/","name":"Privacidad - Donkey Dreamland","isPartOf":{"@id":"https:\/\/donkeydreamland.com\/#website"},"datePublished":"2021-07-19T06:41:09+00:00","dateModified":"2021-07-19T11:32:53+00:00","breadcrumb":{"@id":"https:\/\/donkeydreamland.com\/es\/privacidad\/#breadcrumb"},"inLanguage":"es","potentialAction":[{"@type":"ReadAction","target":["https:\/\/donkeydreamland.com\/es\/privacidad\/"]}]},{"@type":"BreadcrumbList","@id":"https:\/\/donkeydreamland.com\/es\/privacidad\/#breadcrumb","itemListElement":[{"@type":"ListItem","position":1,"name":"Home","item":"https:\/\/donkeydreamland.com\/"},{"@type":"ListItem","position":2,"name":"Privacidad"}]},{"@type":"WebSite","@id":"https:\/\/donkeydreamland.com\/#website","url":"https:\/\/donkeydreamland.com\/","name":"Donkey Dreamland","description":"Welcome to Donkey Dreamland","publisher":{"@id":"https:\/\/donkeydreamland.com\/#organization"},"potentialAction":[{"@type":"SearchAction","target":{"@type":"EntryPoint","urlTemplate":"https:\/\/donkeydreamland.com\/?s={search_term_string}"},"query-input":{"@type":"PropertyValueSpecification","valueRequired":true,"valueName":"search_term_string"}}],"inLanguage":"es"},{"@type":"Organization","@id":"https:\/\/donkeydreamland.com\/#organization","name":"Donkey Dreamland","url":"https:\/\/donkeydreamland.com\/","logo":{"@type":"ImageObject","inLanguage":"es","@id":"https:\/\/donkeydreamland.com\/#\/schema\/logo\/image\/","url":"https:\/\/donkeydreamland.com\/wp-content\/uploads\/2021\/03\/dd-logo.png","contentUrl":"https:\/\/donkeydreamland.com\/wp-content\/uploads\/2021\/03\/dd-logo.png","width":521,"height":124,"caption":"Donkey Dreamland"},"image":{"@id":"https:\/\/donkeydreamland.com\/#\/schema\/logo\/image\/"}}]}},"featured_image_src":null,"featured_image_src_square":null,"_links":{"self":[{"href":"https:\/\/donkeydreamland.com\/es\/wp-json\/wp\/v2\/pages\/2562","targetHints":{"allow":["GET"]}}],"collection":[{"href":"https:\/\/donkeydreamland.com\/es\/wp-json\/wp\/v2\/pages"}],"about":[{"href":"https:\/\/donkeydreamland.com\/es\/wp-json\/wp\/v2\/types\/page"}],"author":[{"embeddable":true,"href":"https:\/\/donkeydreamland.com\/es\/wp-json\/wp\/v2\/users\/2"}],"replies":[{"embeddable":true,"href":"https:\/\/donkeydreamland.com\/es\/wp-json\/wp\/v2\/comments?post=2562"}],"version-history":[{"count":6,"href":"https:\/\/donkeydreamland.com\/es\/wp-json\/wp\/v2\/pages\/2562\/revisions"}],"predecessor-version":[{"id":2584,"href":"https:\/\/donkeydreamland.com\/es\/wp-json\/wp\/v2\/pages\/2562\/revisions\/2584"}],"wp:attachment":[{"href":"https:\/\/donkeydreamland.com\/es\/wp-json\/wp\/v2\/media?parent=2562"}],"curies":[{"name":"wp","href":"https:\/\/api.w.org\/{rel}","templated":true}]}}