{"id":2482,"date":"2021-07-18T09:49:24","date_gmt":"2021-07-18T07:49:24","guid":{"rendered":"https:\/\/donkeydreamland.com\/?page_id=2482"},"modified":"2021-07-27T13:03:43","modified_gmt":"2021-07-27T11:03:43","slug":"donar","status":"publish","type":"page","link":"https:\/\/donkeydreamland.com\/es\/donar\/","title":{"rendered":"Donar"},"content":{"rendered":"\n<div style=\"background-color:#892418\" class=\"wp-block-atomic-blocks-ab-container space support-banner ab-block-container\"><div class=\"ab-container-inside\"><div class=\"ab-container-content\" style=\"max-width:1200px\">\n<h3 class=\"has-text-align-center has-white-color has-text-color has-background wp-block-heading\" style=\"background-color:#892418\">Donkey Dreamland depende totalmente de la generosidad de nuestros amigos y personas que nos apoyan a trav\u00e9s de sus generosas donaciones. Actualmente, el funcionamiento del santuario cuesta alrededor de \u20ac4.500 al mes y tus donaciones son esenciales para mantenerlo en funcionamiento. There are many ways you could contribute. \u20ac1 doesn&#8217;t buy much these days. In some places you may be lucky to get a small cup of coffee for \u20ac1, or a bag of rice, or maybe a kilo of potatoes, or perhaps a small beer. Would you give up one small beer a month to help Rescue, Rehab, Recuperate and Rehome beautiful donkeys?<\/h3>\n\n\n\n<div class=\"container--width iframe-height wp-block-group\"><div class=\"wp-block-group__inner-container is-layout-flow wp-block-group-is-layout-flow\">\n<iframe src=\"https:\/\/www.teaming.net\/group\/spread\/widgets\/hsMcxzrY5r8mTnNJTHPqyVX4lFGa8LOnsOzmAjKaiDMwX\/2?lang=en_UK\" width=\"375\" height=\"109\" frameborder=\"0\" scrolling=\"no\" style=\"overflow: hidden\"><\/iframe>\n<\/div><\/div>\n\n\n\n<h3 class=\"has-text-align-center has-white-color has-text-color has-background wp-block-heading\" style=\"background-color:#892418\">Whilst it might seem that \u20ac1 a month won&#8217;t make much difference, rest assured, when it is combined with a few other donations of just \u20ac1 per month, it make a HUGE difference. For example:<\/h3>\n<\/div><\/div><\/div>\n\n\n\n<div style=\"background-color:#ffffff\" class=\"wp-block-atomic-blocks-ab-container space support-banner ab-block-container\"><div class=\"ab-container-inside\"><div class=\"ab-container-content\">\n<p class=\"has-text-align-center\" style=\"font-size:30px\"><strong>\u20ac10 \u2013 pueden comprar la medicina semanal de un burro<\/strong><\/p>\n\n\n\n<p class=\"has-text-align-center\" style=\"font-size:30px\"><strong>\u20ac15 \u2013 para alimentar a un burro durante una semana<\/strong><\/p>\n\n\n\n<p class=\"has-text-align-center\" style=\"font-size:30px\"><strong>\u20ac20 \u2013 para pagar a un herrador que recorte las pezu\u00f1as de un burro<\/strong><\/p>\n\n\n\n<p class=\"has-text-align-center\" style=\"font-size:30px\"><strong>\u20ac30 \u2013 para pagar el agua fresca durante un mes<\/strong><\/p>\n<\/div><\/div><\/div>\n\n\n\n<div style=\"background-color:#892418\" class=\"wp-block-atomic-blocks-ab-container space support-banner ab-block-container\"><div class=\"ab-container-inside\"><div class=\"ab-container-content\">\n<h3 class=\"has-text-align-center has-white-color has-text-color has-background wp-block-heading\" style=\"background-color:#892418\">Actualmente, el funcionamiento del santuario cuesta alrededor de \u20ac4.500 al mes y tus donaciones son esenciales para mantenerlo en funcionamiento. In addition to the costs of recuperation, every time another donkey needs rescuing from abuse or neglect, there will be additional costs such as transport, veterinary fees and in some more extreme cases, hospital fees.<\/h3>\n\n\n\n<h3 class=\"has-text-align-center has-white-color has-text-color has-background wp-block-heading\" style=\"background-color:#892418\">Cada euro ayuda al santuario a funcionar y estamos muy agradecidos por cada donaci\u00f3n. Hay muchas formas de ayudar. Convi\u00e9rtete en uno de nuestros \u201cMejores Amigos\u201d ya que es una forma de asegurar nuestro futuro. Igualmente puedes patrocinar a los burros, establecer una donaci\u00f3n mensual o hacer una donaci\u00f3n \u00fanica.<\/h3>\n\n\n\n<h3 class=\"has-text-align-center has-white-color has-text-color has-background wp-block-heading\" style=\"background-color:#892418\">Despl\u00e1zate hacia abajo para ver las distintas formas de ayudar y marcar la diferencia.<\/h3>\n<\/div><\/div><\/div>\n\n\n\n<div style=\"background-color:#892418\" class=\"wp-block-atomic-blocks-ab-container space support-banner ab-block-container\"><div class=\"ab-container-inside\"><div class=\"ab-container-content\" style=\"max-width:1200px\">\n<h2 class=\"has-text-align-center wp-block-heading\"><span class=\"has-inline-color has-white-color\">Convi\u00e9rtete en uno de los \u201cMejores Amigos\u201d y elige tu nivel de donaci\u00f3n (m\u00ednimo \u20ac1.000)<\/span><\/h2>\n\n\n\n<div class=\"wp-block-group\"><div class=\"wp-block-group__inner-container is-layout-flow wp-block-group-is-layout-flow\">\n<div class=\"wp-block-group\"><div class=\"wp-block-group__inner-container is-layout-flow wp-block-group-is-layout-flow\">\n<div class=\"wp-block-columns are-vertically-aligned-top is-layout-flex wp-container-core-columns-is-layout-9d6595d7 wp-block-columns-is-layout-flex\">\n<div class=\"wp-block-column is-vertically-aligned-top is-layout-flow wp-block-column-is-layout-flow\" style=\"flex-basis:100%\">\n<div class=\"wp-block-buttons is-content-justification-center btn-white is-layout-flex wp-block-buttons-is-layout-flex\">\n<div class=\"wp-block-button btn-white\"><a class=\"wp-block-button__link has-white-background-color has-text-color has-background\" href=\"https:\/\/buy.stripe.com\/9AQ8wEbxO3KNcPC298\" style=\"border-radius:50px;color:#892418\">Donar \u20ac1.000 por a\u00f1o<\/a><\/div>\n\n\n\n<div class=\"wp-block-button btn-white\"><a class=\"wp-block-button__link has-white-background-color has-text-color has-background\" href=\"https:\/\/buy.stripe.com\/6oE008bxO2GJ16U8xx\" style=\"border-radius:50px;color:#892418\">Donar \u20ac1.500 por a\u00f1o<\/a><\/div>\n\n\n\n<div class=\"wp-block-button btn-white\"><a class=\"wp-block-button__link has-white-background-color has-text-color has-background\" href=\"https:\/\/buy.stripe.com\/4gw9AIeK0chj02Q29a\" style=\"border-radius:50px;color:#892418\">Donar \u20ac2.000 por a\u00f1o<\/a><\/div>\n<\/div>\n\n\n\n<div style=\"color:#ddd\" class=\"wp-block-atomic-blocks-ab-spacer ab-block-spacer ab-divider-solid ab-divider-size-1\"><hr style=\"height:30px\"\/><\/div>\n\n\n\n<div class=\"wp-block-buttons is-content-justification-center btn-white is-layout-flex wp-block-buttons-is-layout-flex\">\n<div class=\"wp-block-button btn-white\"><a class=\"wp-block-button__link has-white-background-color has-text-color has-background\" href=\"https:\/\/buy.stripe.com\/bIY5ksgS80yBeXKbJL\" style=\"border-radius:50px;color:#892418\">Donar \u20ac2.500 por a\u00f1o<\/a><\/div>\n\n\n\n<div class=\"wp-block-button btn-white\"><a class=\"wp-block-button__link has-white-background-color has-text-color has-background\" href=\"https:\/\/buy.stripe.com\/8wM8wEcBS4OR16U9BE\" style=\"border-radius:50px;color:#892418\">Donar \u20ac3.000 por a\u00f1o<\/a><\/div>\n\n\n\n<div class=\"wp-block-button btn-white\"><a class=\"wp-block-button__link has-white-background-color has-text-color has-background\" href=\"https:\/\/buy.stripe.com\/28o3ck6du5SVcPCdRV\" style=\"border-radius:50px;color:#892418\">Donar \u20ac3.500 por a\u00f1o<\/a><\/div>\n<\/div>\n\n\n\n<div style=\"color:#ddd\" class=\"wp-block-atomic-blocks-ab-spacer ab-block-spacer ab-divider-solid ab-spacer-divider ab-divider-size-1\"><hr style=\"height:79px\"\/><\/div>\n\n\n\n<p><\/p>\n<\/div>\n<\/div>\n<\/div><\/div>\n<\/div><\/div>\n\n\n\n<h2 class=\"has-text-align-center wp-block-heading\"><span class=\"has-inline-color has-white-color\">Igualmente, si quieres patrocinar a alguno de nuestros burros, ve a la p\u00e1gina de Patrocinar:<\/span><\/h2>\n\n\n\n<div style=\"text-align:center\" class=\"wp-block-atomic-blocks-ab-button ab-block-button\"><a href=\"https:\/\/donkeydreamland.com\/sponsor\/\" class=\"ab-button ab-button-shape-rounded ab-button-size-extralarge\" style=\"color:#ff6900;background-color:#ffffff\">Patrocina a un Burro de tu elecci\u00f3n<\/a><\/div>\n\n\n\n<p><\/p>\n<\/div><\/div><\/div>\n\n\n\n<div style=\"height:101px\" aria-hidden=\"true\" class=\"wp-block-spacer\"><\/div>\n\n\n\n<div style=\"background-color:#892418\" class=\"wp-block-atomic-blocks-ab-container space support-banner ab-block-container\"><div class=\"ab-container-inside\"><div class=\"ab-container-content\" style=\"max-width:1200px\">\n<h2 class=\"has-text-align-center wp-block-heading\"><span class=\"has-inline-color has-white-color\">Convi\u00e9rtete en una de las personas que nos apoyan y contribuye a los costos mensuales del santuario (cada euro marca la diferencia)<\/span><\/h2>\n\n\n\n<div class=\"wp-block-group\"><div class=\"wp-block-group__inner-container is-layout-flow wp-block-group-is-layout-flow\">\n<div class=\"wp-block-group\"><div class=\"wp-block-group__inner-container is-layout-flow wp-block-group-is-layout-flow\">\n<div class=\"wp-block-columns are-vertically-aligned-top is-layout-flex wp-container-core-columns-is-layout-9d6595d7 wp-block-columns-is-layout-flex\">\n<div class=\"wp-block-column is-vertically-aligned-top is-layout-flow wp-block-column-is-layout-flow\" style=\"flex-basis:100%\">\n<div class=\"wp-block-buttons is-content-justification-center btn-white is-layout-flex wp-block-buttons-is-layout-flex\">\n<div class=\"wp-block-button btn-white\"><a class=\"wp-block-button__link has-white-background-color has-text-color has-background\" href=\"https:\/\/buy.stripe.com\/eVadQY59qbdf3f24hm\" style=\"border-radius:50px;color:#892418\">Donar \u20ac5 por mes<\/a><\/div>\n\n\n\n<div class=\"wp-block-button btn-white\"><a class=\"wp-block-button__link has-white-background-color has-text-color has-background\" href=\"https:\/\/buy.stripe.com\/eVa28g9pGdln5nabJP\" style=\"border-radius:50px;color:#892418\">Donar \u20ac10 por mes<\/a><\/div>\n\n\n\n<div class=\"wp-block-button btn-white\"><a class=\"wp-block-button__link has-white-background-color has-text-color has-background\" href=\"https:\/\/buy.stripe.com\/bIY6oweK0a9baHu9BI\" style=\"border-radius:50px;color:#892418\">Donar \u20ac15 por mes<\/a><\/div>\n<\/div>\n\n\n\n<div style=\"color:#ddd\" class=\"wp-block-atomic-blocks-ab-spacer ab-block-spacer ab-divider-solid ab-divider-size-1\"><hr style=\"height:30px\"\/><\/div>\n\n\n\n<div class=\"wp-block-buttons is-content-justification-center btn-white is-layout-flex wp-block-buttons-is-layout-flex\">\n<div class=\"wp-block-button btn-white\"><a class=\"wp-block-button__link has-white-background-color has-text-color has-background\" href=\"https:\/\/buy.stripe.com\/00g28gbxO1CFg1Og07\" style=\"border-radius:50px;color:#892418\">Donar \u20ac20 por mes<\/a><\/div>\n\n\n\n<div class=\"wp-block-button btn-white\"><a class=\"wp-block-button__link has-white-background-color has-text-color has-background\" href=\"https:\/\/buy.stripe.com\/9AQaEM7hybdfaHug08\" style=\"border-radius:50px;color:#892418\">Donar \u20ac25 por mes<\/a><\/div>\n\n\n\n<div class=\"wp-block-button btn-white\"><a class=\"wp-block-button__link has-white-background-color has-text-color has-background\" href=\"https:\/\/buy.stripe.com\/8wMfZ69pG9575naaFP\" style=\"border-radius:50px;color:#892418\">Donar \u20ac30 por mes<\/a><\/div>\n<\/div>\n\n\n\n<div style=\"color:#ddd\" class=\"wp-block-atomic-blocks-ab-spacer ab-block-spacer ab-divider-solid ab-divider-size-1\"><hr style=\"height:30px\"\/><\/div>\n\n\n\n<div class=\"wp-block-buttons is-content-justification-center btn-white is-layout-flex wp-block-buttons-is-layout-flex\">\n<div class=\"wp-block-button btn-white\"><a class=\"wp-block-button__link has-white-background-color has-text-color has-background\" href=\"https:\/\/buy.stripe.com\/bIY7sAdFW5SV02QeW6\" style=\"border-radius:50px;color:#892418\">Donar \u20ac35 por mes<\/a><\/div>\n\n\n\n<div class=\"wp-block-button btn-white\"><a class=\"wp-block-button__link has-white-background-color has-text-color has-background\" href=\"https:\/\/buy.stripe.com\/7sI14ccBS3KNg1O6pB\" style=\"border-radius:50px;color:#892418\">Donar \u20ac40 por mes<\/a><\/div>\n\n\n\n<div class=\"wp-block-button btn-white\"><a class=\"wp-block-button__link has-white-background-color has-text-color has-background\" href=\"https:\/\/buy.stripe.com\/9AQeV27hygxzbLyeW8\" style=\"border-radius:50px;color:#892418\">Donar \u20ac50 por mes<\/a><\/div>\n<\/div>\n<\/div>\n<\/div>\n<\/div><\/div>\n<\/div><\/div>\n<\/div><\/div><\/div>\n\n\n\n<div style=\"height:100px\" aria-hidden=\"true\" class=\"wp-block-spacer\"><\/div>\n\n\n\n<div style=\"background-color:#892418\" class=\"wp-block-atomic-blocks-ab-container space support-banner ab-block-container\"><div class=\"ab-container-inside\"><div class=\"ab-container-content\" style=\"max-width:1200px\">\n<h2 class=\"has-text-align-center wp-block-heading\"><span class=\"has-inline-color has-white-color\">Igualmente, haz una donaci\u00f3n \u00fanica y ayuda a marcar la diferencia<\/span><\/h2>\n\n\n\n<div class=\"wp-block-group\"><div class=\"wp-block-group__inner-container is-layout-flow wp-block-group-is-layout-flow\">\n<div class=\"wp-block-group\"><div class=\"wp-block-group__inner-container is-layout-flow wp-block-group-is-layout-flow\">\n<div class=\"wp-block-columns are-vertically-aligned-top is-layout-flex wp-container-core-columns-is-layout-9d6595d7 wp-block-columns-is-layout-flex\">\n<div class=\"wp-block-column is-vertically-aligned-top is-layout-flow wp-block-column-is-layout-flow\" style=\"flex-basis:100%\">\n<div class=\"wp-block-buttons is-content-justification-center btn-white is-layout-flex wp-block-buttons-is-layout-flex\">\n<div class=\"wp-block-button btn-white\"><a class=\"wp-block-button__link has-white-background-color has-text-color has-background\" href=\"https:\/\/buy.stripe.com\/9AQaEMdFW6WZ5na7ti\" style=\"border-radius:50px;color:#892418\">Donar \u20ac10<\/a><\/div>\n\n\n\n<div class=\"wp-block-button btn-white\"><a class=\"wp-block-button__link has-white-background-color has-text-color has-background\" href=\"https:\/\/buy.stripe.com\/8wMbIQ9pG5SVcPCdRH\" style=\"border-radius:50px;color:#892418\">Donar \u20ac20<\/a><\/div>\n\n\n\n<div class=\"wp-block-button btn-white\"><a class=\"wp-block-button__link has-white-background-color has-text-color has-background\" href=\"https:\/\/buy.stripe.com\/6oE5ks45mdln4j6fZQ\" style=\"border-radius:50px;color:#892418\">Donar \u20ac30<\/a><\/div>\n\n\n\n<div class=\"wp-block-button btn-white\"><a class=\"wp-block-button__link has-white-background-color has-text-color has-background\" href=\"https:\/\/buy.stripe.com\/8wMbIQ8lC9578zm7tl\" style=\"border-radius:50px;color:#892418\">Donar \u20ac40<\/a><\/div>\n\n\n\n<div class=\"wp-block-button btn-white\"><a class=\"wp-block-button__link has-white-background-color has-text-color has-background\" href=\"https:\/\/buy.stripe.com\/00g8wEatKa9b7vibJC\" style=\"border-radius:50px;color:#892418\">Donar \u20ac50<\/a><\/div>\n<\/div>\n\n\n\n<div style=\"color:#ddd\" class=\"wp-block-atomic-blocks-ab-spacer ab-block-spacer ab-divider-solid ab-divider-size-1\"><hr style=\"height:30px\"\/><\/div>\n\n\n\n<div class=\"wp-block-buttons is-content-justification-center btn-white is-layout-flex wp-block-buttons-is-layout-flex\">\n<div class=\"wp-block-button btn-white\"><a class=\"wp-block-button__link has-white-background-color has-text-color has-background\" href=\"https:\/\/buy.stripe.com\/9AQ3ck6dua9bcPCbJD\" style=\"border-radius:50px;color:#892418\">Donar \u20ac75<\/a><\/div>\n\n\n\n<div class=\"wp-block-button btn-white\"><a class=\"wp-block-button__link has-white-background-color has-text-color has-background\" href=\"https:\/\/buy.stripe.com\/3cs00845mftv9Dq6pk\" style=\"border-radius:50px;color:#892418\">Donar \u20ac100<\/a><\/div>\n\n\n\n<div class=\"wp-block-button btn-white\"><a class=\"wp-block-button__link has-white-background-color has-text-color has-background\" href=\"https:\/\/buy.stripe.com\/14k3ck0Ta1CFaHu151\" style=\"border-radius:50px;color:#892418\">Donar \u20ac150<\/a><\/div>\n\n\n\n<div class=\"wp-block-button btn-white\"><a class=\"wp-block-button__link has-white-background-color has-text-color has-background\" href=\"https:\/\/buy.stripe.com\/bIYcMU0Ta95716U4he\" style=\"border-radius:50px;color:#892418\">Donar \u20ac200<\/a><\/div>\n\n\n\n<div class=\"wp-block-button btn-white\"><a class=\"wp-block-button__link has-white-background-color has-text-color has-background\" href=\"https:\/\/buy.stripe.com\/14k8wE31i9575na9Bz\" style=\"border-radius:50px;color:#892418\">Donar \u20ac250<\/a><\/div>\n<\/div>\n<\/div>\n<\/div>\n<\/div><\/div>\n<\/div><\/div>\n<\/div><\/div><\/div>\n\n\n\n<p><\/p>\n","protected":false},"excerpt":{"rendered":"","protected":false},"author":2,"featured_media":0,"parent":0,"menu_order":0,"comment_status":"closed","ping_status":"closed","template":"","meta":{"_coblocks_attr":"","_coblocks_dimensions":"","_coblocks_responsive_height":"","_coblocks_accordion_ie_support":"","footnotes":""},"class_list":["post-2482","page","type-page","status-publish","hentry"],"yoast_head":"<!-- This site is optimized with the Yoast SEO plugin v27.4 - https:\/\/yoast.com\/product\/yoast-seo-wordpress\/ -->\n<title>Donar - Donkey Dreamland<\/title>\n<meta name=\"robots\" content=\"index, follow, max-snippet:-1, max-image-preview:large, max-video-preview:-1\" \/>\n<link rel=\"canonical\" href=\"https:\/\/donkeydreamland.com\/es\/donar\/\" \/>\n<meta property=\"og:locale\" content=\"es_ES\" \/>\n<meta property=\"og:type\" content=\"article\" \/>\n<meta property=\"og:title\" content=\"Donar - Donkey Dreamland\" \/>\n<meta property=\"og:url\" content=\"https:\/\/donkeydreamland.com\/es\/donar\/\" \/>\n<meta property=\"og:site_name\" content=\"Donkey Dreamland\" \/>\n<meta property=\"article:modified_time\" content=\"2021-07-27T11:03:43+00:00\" \/>\n<meta name=\"twitter:card\" content=\"summary_large_image\" \/>\n<meta name=\"twitter:label1\" content=\"Tiempo de lectura\" \/>\n\t<meta name=\"twitter:data1\" content=\"2 minutos\" \/>\n<script type=\"application\/ld+json\" class=\"yoast-schema-graph\">{\"@context\":\"https:\\\/\\\/schema.org\",\"@graph\":[{\"@type\":\"WebPage\",\"@id\":\"https:\\\/\\\/donkeydreamland.com\\\/es\\\/donar\\\/\",\"url\":\"https:\\\/\\\/donkeydreamland.com\\\/es\\\/donar\\\/\",\"name\":\"Donar - Donkey Dreamland\",\"isPartOf\":{\"@id\":\"https:\\\/\\\/donkeydreamland.com\\\/#website\"},\"datePublished\":\"2021-07-18T07:49:24+00:00\",\"dateModified\":\"2021-07-27T11:03:43+00:00\",\"breadcrumb\":{\"@id\":\"https:\\\/\\\/donkeydreamland.com\\\/es\\\/donar\\\/#breadcrumb\"},\"inLanguage\":\"es\",\"potentialAction\":[{\"@type\":\"ReadAction\",\"target\":[\"https:\\\/\\\/donkeydreamland.com\\\/es\\\/donar\\\/\"]}]},{\"@type\":\"BreadcrumbList\",\"@id\":\"https:\\\/\\\/donkeydreamland.com\\\/es\\\/donar\\\/#breadcrumb\",\"itemListElement\":[{\"@type\":\"ListItem\",\"position\":1,\"name\":\"Home\",\"item\":\"https:\\\/\\\/donkeydreamland.com\\\/\"},{\"@type\":\"ListItem\",\"position\":2,\"name\":\"Donar\"}]},{\"@type\":\"WebSite\",\"@id\":\"https:\\\/\\\/donkeydreamland.com\\\/#website\",\"url\":\"https:\\\/\\\/donkeydreamland.com\\\/\",\"name\":\"Donkey Dreamland\",\"description\":\"Welcome to Donkey Dreamland\",\"publisher\":{\"@id\":\"https:\\\/\\\/donkeydreamland.com\\\/#organization\"},\"potentialAction\":[{\"@type\":\"SearchAction\",\"target\":{\"@type\":\"EntryPoint\",\"urlTemplate\":\"https:\\\/\\\/donkeydreamland.com\\\/?s={search_term_string}\"},\"query-input\":{\"@type\":\"PropertyValueSpecification\",\"valueRequired\":true,\"valueName\":\"search_term_string\"}}],\"inLanguage\":\"es\"},{\"@type\":\"Organization\",\"@id\":\"https:\\\/\\\/donkeydreamland.com\\\/#organization\",\"name\":\"Donkey Dreamland\",\"url\":\"https:\\\/\\\/donkeydreamland.com\\\/\",\"logo\":{\"@type\":\"ImageObject\",\"inLanguage\":\"es\",\"@id\":\"https:\\\/\\\/donkeydreamland.com\\\/#\\\/schema\\\/logo\\\/image\\\/\",\"url\":\"https:\\\/\\\/donkeydreamland.com\\\/wp-content\\\/uploads\\\/2021\\\/03\\\/dd-logo.png\",\"contentUrl\":\"https:\\\/\\\/donkeydreamland.com\\\/wp-content\\\/uploads\\\/2021\\\/03\\\/dd-logo.png\",\"width\":521,\"height\":124,\"caption\":\"Donkey Dreamland\"},\"image\":{\"@id\":\"https:\\\/\\\/donkeydreamland.com\\\/#\\\/schema\\\/logo\\\/image\\\/\"}}]}<\/script>\n<!-- \/ Yoast SEO plugin. -->","yoast_head_json":{"title":"Donar - Donkey Dreamland","robots":{"index":"index","follow":"follow","max-snippet":"max-snippet:-1","max-image-preview":"max-image-preview:large","max-video-preview":"max-video-preview:-1"},"canonical":"https:\/\/donkeydreamland.com\/es\/donar\/","og_locale":"es_ES","og_type":"article","og_title":"Donar - Donkey Dreamland","og_url":"https:\/\/donkeydreamland.com\/es\/donar\/","og_site_name":"Donkey Dreamland","article_modified_time":"2021-07-27T11:03:43+00:00","twitter_card":"summary_large_image","twitter_misc":{"Tiempo de lectura":"2 minutos"},"schema":{"@context":"https:\/\/schema.org","@graph":[{"@type":"WebPage","@id":"https:\/\/donkeydreamland.com\/es\/donar\/","url":"https:\/\/donkeydreamland.com\/es\/donar\/","name":"Donar - Donkey Dreamland","isPartOf":{"@id":"https:\/\/donkeydreamland.com\/#website"},"datePublished":"2021-07-18T07:49:24+00:00","dateModified":"2021-07-27T11:03:43+00:00","breadcrumb":{"@id":"https:\/\/donkeydreamland.com\/es\/donar\/#breadcrumb"},"inLanguage":"es","potentialAction":[{"@type":"ReadAction","target":["https:\/\/donkeydreamland.com\/es\/donar\/"]}]},{"@type":"BreadcrumbList","@id":"https:\/\/donkeydreamland.com\/es\/donar\/#breadcrumb","itemListElement":[{"@type":"ListItem","position":1,"name":"Home","item":"https:\/\/donkeydreamland.com\/"},{"@type":"ListItem","position":2,"name":"Donar"}]},{"@type":"WebSite","@id":"https:\/\/donkeydreamland.com\/#website","url":"https:\/\/donkeydreamland.com\/","name":"Donkey Dreamland","description":"Welcome to Donkey Dreamland","publisher":{"@id":"https:\/\/donkeydreamland.com\/#organization"},"potentialAction":[{"@type":"SearchAction","target":{"@type":"EntryPoint","urlTemplate":"https:\/\/donkeydreamland.com\/?s={search_term_string}"},"query-input":{"@type":"PropertyValueSpecification","valueRequired":true,"valueName":"search_term_string"}}],"inLanguage":"es"},{"@type":"Organization","@id":"https:\/\/donkeydreamland.com\/#organization","name":"Donkey Dreamland","url":"https:\/\/donkeydreamland.com\/","logo":{"@type":"ImageObject","inLanguage":"es","@id":"https:\/\/donkeydreamland.com\/#\/schema\/logo\/image\/","url":"https:\/\/donkeydreamland.com\/wp-content\/uploads\/2021\/03\/dd-logo.png","contentUrl":"https:\/\/donkeydreamland.com\/wp-content\/uploads\/2021\/03\/dd-logo.png","width":521,"height":124,"caption":"Donkey Dreamland"},"image":{"@id":"https:\/\/donkeydreamland.com\/#\/schema\/logo\/image\/"}}]}},"featured_image_src":null,"featured_image_src_square":null,"_links":{"self":[{"href":"https:\/\/donkeydreamland.com\/es\/wp-json\/wp\/v2\/pages\/2482","targetHints":{"allow":["GET"]}}],"collection":[{"href":"https:\/\/donkeydreamland.com\/es\/wp-json\/wp\/v2\/pages"}],"about":[{"href":"https:\/\/donkeydreamland.com\/es\/wp-json\/wp\/v2\/types\/page"}],"author":[{"embeddable":true,"href":"https:\/\/donkeydreamland.com\/es\/wp-json\/wp\/v2\/users\/2"}],"replies":[{"embeddable":true,"href":"https:\/\/donkeydreamland.com\/es\/wp-json\/wp\/v2\/comments?post=2482"}],"version-history":[{"count":4,"href":"https:\/\/donkeydreamland.com\/es\/wp-json\/wp\/v2\/pages\/2482\/revisions"}],"predecessor-version":[{"id":2753,"href":"https:\/\/donkeydreamland.com\/es\/wp-json\/wp\/v2\/pages\/2482\/revisions\/2753"}],"wp:attachment":[{"href":"https:\/\/donkeydreamland.com\/es\/wp-json\/wp\/v2\/media?parent=2482"}],"curies":[{"name":"wp","href":"https:\/\/api.w.org\/{rel}","templated":true}]}}